{"id":91,"date":"2017-12-08T11:42:50","date_gmt":"2017-12-08T10:42:50","guid":{"rendered":"http:\/\/edfkcit.cluster030.hosting.ovh.net\/?page_id=91"},"modified":"2026-02-02T19:32:22","modified_gmt":"2026-02-02T18:32:22","slug":"contacts-links","status":"publish","type":"page","link":"https:\/\/ericbossard.com\/gb\/contacts-links\/","title":{"rendered":"Info &#038; links"},"content":{"rendered":"<h3>Biography<\/h3>\n<h2><img loading=\"lazy\" decoding=\"async\" class=\"alignright wp-image-48\" src=\"http:\/\/edfkcit.cluster030.hosting.ovh.net\/wp-content\/uploads\/2017\/12\/2013-R\u00e9appropriation-120x120-avec-artiste-300x169.jpg\" alt=\"\" width=\"400\" height=\"225\" srcset=\"https:\/\/ericbossard.com\/wp-content\/uploads\/2017\/12\/2013-R\u00e9appropriation-120x120-avec-artiste-300x169.jpg 300w, https:\/\/ericbossard.com\/wp-content\/uploads\/2017\/12\/2013-R\u00e9appropriation-120x120-avec-artiste-768x432.jpg 768w, https:\/\/ericbossard.com\/wp-content\/uploads\/2017\/12\/2013-R\u00e9appropriation-120x120-avec-artiste-1024x576.jpg 1024w, https:\/\/ericbossard.com\/wp-content\/uploads\/2017\/12\/2013-R\u00e9appropriation-120x120-avec-artiste-456x256.jpg 456w, https:\/\/ericbossard.com\/wp-content\/uploads\/2017\/12\/2013-R\u00e9appropriation-120x120-avec-artiste-953x536.jpg 953w, https:\/\/ericbossard.com\/wp-content\/uploads\/2017\/12\/2013-R\u00e9appropriation-120x120-avec-artiste-780x439.jpg 780w, https:\/\/ericbossard.com\/wp-content\/uploads\/2017\/12\/2013-R\u00e9appropriation-120x120-avec-artiste.jpg 924w\" sizes=\"auto, (max-width: 400px) 100vw, 400px\" \/><\/h2>\n<p>Eric Bossard was born in Geneva in 1954. After completing his studies in physiotherapy (Geneva) and ethnology (University of Neuch\u00e2tel), he spent seven years in Africa with the International Committee of the Red Cross (ICRC), UNICEF and as an independent ethnologist. He is currently working as an artist.<\/p>\n<p>The street and our society of over-consumption are the prime focus of Eric Bossard\u2019s works and in fact furnish the \u201craw material\u201d for his collages and acrylic inclusions. This includes things destined for the dustbin or for recycling (advertisements, leaflets and other waste dropped in the streets) and objects no longer needed and offered for sale in flea markets.<\/p>\n<p>For these abandoned objects which no longer serve their original purpose, Bossard creates new roles, giving a metaphorical meaning to things that have lost their original value. He bestows on them a second life. A kind of artistic upcycling process that highlights the\u00a0\u00a0\u00a0\u00a0 fact that our waste mirrors our consumer society. An image that we tend to prefer to ignore.<\/p>\n<hr \/>\n<h3>Contacts<\/h3>\n<p>Email : <a href=\"mailto:eric@ericbossard.com\">eric@ericbossard.com<\/a><\/p>\n<p>Eric Bossard &#8211; Rampe de Choully 54 &#8211; 1242 Satigny &#8211; Switzerland<\/p>\n<p>Phone : +4179 738 69 89<\/p>\n<hr \/>\n<h3>Li<strong>nks<\/strong> :<\/h3>\n<h4>Pages about the artiste :<\/h4>\n<p><a href=\"https:\/\/artraction.ch\/eric-bossard\/\">Artraction<\/a><\/p>\n<p><a href=\"https:\/\/collections.arthug.ch\/fr\/artists\/artist\/10407\/\">HUG &#8211; H\u00f4pitaux Universitaires de Gen\u00e8ve<\/a><\/p>\n<p><a href=\"https:\/\/www.calamart.ch\/artistes\/eric-bossard\/\">Galerie Calamart<\/a><\/p>\n<p><a href=\"http:\/\/ericbossard.hebfree.org\/collection\/index.html\">Collection d&#8217;art africain<\/a><\/p>\n<hr \/>\n<h3>Exhibitions :<\/h3>\n<p>1983-1994 &#8211; Individual exhibition, Cabinet de physioth\u00e9rapie Nancy Wider-Buser, Geneva<br \/>\n1983-1984 &#8211; Individual exhibition, La maison jaune, I.C.R.C., Huambo, Angola<br \/>\n1985-1986 &#8211; Individual exhibition, La maison jaune, I.C.R.C., Huambo, Angola<br \/>\n1987 &#8211; Individual exhibition, Galerie du Pommier, Centre culturel neuch\u00e2telois, Neuch\u00e2tel, 24.03-25.04<br \/>\n1987 &#8211; Street painting, \u00ab La rue du ru en crue \u00bb, rue du Pommier, Neuch\u00e2tel, painting : 15.06 &#8211; 30.06<br \/>\n1988 &#8211; Individual exhibition, I.C.R.C. house, Gondar, Gondar Province, Ethiopia<br \/>\n1991-1994 &#8211; Individual exhibition, medical practice Dr Daniel Bossard, Grand Rue 7, Rolle<br \/>\n1991 &#8211; Individual exhibition, Long m\u00e9trage, rue Lissignol, Geneva, 07 &#8211; 11.1991<br \/>\n1992 &#8211; Group exhibition, Biennale d&#8217;arts du centre de loisirs de Ch\u00eane-Bourg, Ch\u00eane-Bourg, 24.04-08.05<br \/>\n1994-1997 &#8211; Individual exhibition, medical practice Dr Daniel Bossard, Grand Rue 7, Rolle<br \/>\n1995 &#8211; Individual exhibition, Galerie Les 3000 grenouilles, rue Lissignol, Geneva, 07.11 &#8211; 09.12<br \/>\n1996 &#8211; Group exhibition, \u00ab Boulles de no\u00ebl \u00bb, Galerie \u00ab Les 3000 grenouilles \u00bb, rue Lissignol, Geneva, 19.11-24.12<br \/>\n1998 &#8211; Group exhibition, Village hall, Satigny, Geneva, 11.06 &#8211; 14.06<br \/>\n1998 &#8211; Group exhibition, Galerie \u00ab La Primaire \u00bb, Conches, Geneva, 03 &#8211; 18.10<br \/>\n1998-1999 &#8211; Individual exhibition, R\u00e9sidence du Mandement, Satigny, Geneva, 12.1998 &#8211; 03.1999<br \/>\n1999 &#8211; Group exhibition, Galerie 3000 Grenouilles, Geneva, 03 &#8211; 17.03<br \/>\n2000 &#8211; Individual exhibition, All\u00e9gorie fleurs, en l&#8217;Ile, Geneva, 15 &#8211; 30.03<br \/>\n2000 &#8211; Group exhibition, Village hall, Satigny, Geneva, 15 &#8211; 18.06<br \/>\n2001 &#8211; Group exhibition, Village hall, Satigny, Geneva, 08 &#8211; 10.06<br \/>\n2002 \u2013 Group exhibition, Village hall, Satigny, Geneva, 07 &#8211; 09.06<br \/>\n2002-2003 \u2013 Individual exhibition, Physiotherapy practice Sautter 15, Geneva 09.2002-12.2003<br \/>\n2003 \u2013 Group exhibition, Galerie \u00ab La Primaire \u00bb, Conches, Geneva, 10 &#8211; 25.05<br \/>\n2003 \u2013 Group exhibition, Village hall, Satigny, Geneva, 13 &#8211; 15.06<br \/>\n2003-2004 &#8211; Individual exhibition, Centre universitaire d&#8217;informatique (C.U.I.), Geneva<br \/>\n2003-2009 &#8211; Uninterrupted group exhibition between 2003 and 2009, Galerie &#8220;Jan ken po\u00ef&#8221;, Geneva<br \/>\n2004 &#8211; Individual exhibition, Atelier parall\u00e8le, Nyon, 02 &#8211; 05.2004<br \/>\n2004 \u2013 Group exhibition, Villa Dutoit, Geneva, 22.04 &#8211; 16.05<br \/>\n2004 \u2013 Group exhibition, Galerie 23, Lausanne, 24.06 &#8211; 15.10<br \/>\n2004 \u2013 Group exhibition of postal art, Espace Diamono, Carouge, 01 &#8211; 04.12<br \/>\n2004-2005 \u2013 Group exhibitions, Galerie 23, Lausanne, 03.11 &#8211; 22.01<br \/>\n2005 \u2013 Individual exhibition, Galerie 10\/60, Rolle, 21.04 &#8211; 01.05<br \/>\n2005 \u2013 Group exhibition, Galerie 23 &#8211; Lausanne, 01.06 &#8211; 15.09<br \/>\n2005 \u2013 2006 \u2013 Individual exhibition, Auberge de la clef d&#8217;or, Bursinel, Vaud, 17.10 &#8211; 11.01<br \/>\n2005 &#8211; 2006 \u2013 Individual exhibition, R\u00e9sidence du Mandement, Satigny, Geneva, 22.09 &#8211; 08.01<br \/>\n2006 \u2013 Invitee of the group exhibition, Village hall, Satigny, Geneva, 17 &#8211; 19.06<br \/>\n2006 \u2013 Winner at the group exhibition \u00ab ArtGare \u00bb, Geneva train station (Cornavin), 06 &#8211; 19.11<br \/>\n2006 \u2013 Individual exhibition, Espace culturel FNAC, Fribourg, 04 &#8211; 05.2006<br \/>\n2007 \u2013 Individual exhibition, Gallery La Mansarde, Veyrier, 31.05 &#8211; 17.06<br \/>\n2008 \u2013 Individual exhibition, Passion Musique, Lausanne, vernissage 06.06<br \/>\n2008 &#8211; Group exhibition, Village hall, Satigny, Geneva, 10 &#8211; 12.10<br \/>\n2008 \u2013 Group exhibition, Gallery Artraction + Christmas Market, Geneva,\u00a0 2-24.12<br \/>\n2009 &#8211; Individual exhibition, Gallery\u00a0 &#8220;Jan Ken Po\u00ef&#8221;, Geneva, 06 &#8211; 10.05<br \/>\n2009 &#8211; Individual exhibition, Open house workshop, Choully, Geneva, 05.09<br \/>\n2009 &#8211; Individual exhibition, Gallery V\u00e9ronique Pfeiffer, Rolle, 05 &#8211; 14.11<br \/>\n2010 &#8211; Group exhibition &#8220;Artiste de la commune&#8221;, Village hall, Satigny, 02-06.06<br \/>\n2010 &#8211; Individual exhibition, Galerie LABe-L (photography), Ch\u00eane-Bourg, 11.11 &#8211; 17.12<br \/>\n2010 &#8211; Group exhibition, Galerie Michel Roset, Bourdigny, 04 &#8211; 05.12<br \/>\n2012 &#8211; Individual exhibition, Mus\u00e9e du bouton (embedments), Est\u00e9venens, Fribourg<br \/>\n2012 \u2013 Group exhibition, \u00ab A boire et \u00e0 manger \u00bb, Galerie Michel Roset, Bourdigny, 24 &#8211; 25.11<br \/>\n2012-2013 \u2013 Group exhibition Artraction, UBS, Nyon, 20.11 &#8211; 20.01.2013<br \/>\n2013 \u2013 Group exhibition Artraction \u00ab A bout de souffle \u00bb, 17 october, Geneva<br \/>\n2014 \u2013 Group exhibition, Galerie \u00ab Collection priv\u00e9e \u00bb, embedments, Geneva<br \/>\n2014 \u2013 Individual exhibition, Showroom Artraction, flyers, Geneva, 27.03 &#8211; 06.04<br \/>\n2014 \u2013 Individual exhibition, Galerie V. Pfeiffer, embedments, Rolle, 10-17.04<br \/>\n2014 \u2013 Group exhibition, IMD, Lausanne, 09.05 &#8211; 30.09<br \/>\n2014 \u2013 Group exhibition, Villa Dutoit \u00ab 100 et quelques autres &#8211; 30x150cm \u00bb, Geneva, 05-22.06<br \/>\n2014 \u2013 Group exhibition, \u00ab ARTEFACT \u00bb, embedment, Satigny, Geneva, 27.09 &#8211; 27.11<br \/>\n2014 \u2013 Individual exhibition, \u00ab Lettres \u00bb, Espace Ruine, Geneva, 03-07.12<br \/>\n2014 \u2013 Group exhibition, \u00ab Artraction \u00e0 M-Parc \u00bb, Carouge, Oct. \u2013 Dec.<br \/>\n2014-2015 \u2013 Individual exhibition, Banco Santander \u2013 Rue Ami L\u00e9vrier 5-7, Geneva<br \/>\n2014-2015 \u2013 Group exhibition, \u00ab L\u2019oeil genevois \u00bb, La Cit\u00e9 du Temps, Geneva, 17.12.2014\u00a0 &#8211; 13.01.2015<br \/>\n2015 \u2013 Group exhibition, Generali (Nyon), Artraction, April<br \/>\n2015 \u2013 Free Art Friday on Sunday, first ed. in Gen\u00e8ve, donation of artworks hidden in the streets, 14.06<br \/>\n2015 \u2013 Group exhibition, \u00ab L\u2019oeil dynamique \u00bb, Office de l\u2019assurance invalidit\u00e9, Vevey<br \/>\n2015 \u2013 Group exhibition, \u00ab Horizons \u00bb, La Cit\u00e9 du Temps, Geneva, 12.08 &#8211; 20.09<br \/>\n2015 \u2013 exhibition-demonstration \u00ab Alternatiba \u00bb , Plaine de Plainpalais, Geneva, 18-20.09<br \/>\n2015 \u2013 Individual exhibition, \u00ab atelier (r)ouvre-toi \u00bb, Open house workshop Act-Art, Choully, 10-11.10<br \/>\n2015 \u2013 Group exhibition, \u00ab 30 ans de La Mansarde \u00bb, Village Hall, Veyrier, 10-11.10<br \/>\n2015 \u2013 Group exhibition, KPMG \u2013 Geneva,\u00a0 Artraction<br \/>\n2015 \u2013 Group exhibition, Galerie Fran\u00e7ois Fontaine, Choully, Satigny, 12.11 &#8211; 20.12 \u2013<br \/>\n2015 \u2013 Group exhibition, \u00ab 20 ans d\u2019Artnet \u00bb, collages and plate edition, Begnins, 27-29.11<br \/>\n2015 \u2013 Free Art Sunday, 2nd ed., donation of artworks hidden in the streets, Les Grottes, Geneva, 20.12<br \/>\n2016 \u2013 Individual exhibition, Auberge d\u2019Archamps, 74160 Archamps (F), 09.03 &#8211; 15.05<br \/>\n2016 \u2013 Group exhibition, Atelier du Square, rue Fran\u00e7ois Bonivard 4, 1201 Geneva<br \/>\n2016 &#8211; Free Art Sunday &#8211; 3rd ed., donation of artworks hidden in the streets, Les P\u00e2quis, 26.06<br \/>\n2016 \u2013 Individual exhibition, Friends Caf\u00e9, pl. Europe 6, Flon, Lausanne, 29.08 &#8211; 31.10<br \/>\n2016 \u2013 Group exhibitions,\u00a0 Artraction Yverdon 6.09.16 -09.03.17 and Lausanne 21.09-21.12<br \/>\n2016 \u2013 Group exhibition, Commune de Satigny &#8211; 09 &#8211; 13.11<br \/>\n2016 \u2013 Group exhibition, Galerie La Ferme de la Chapelle, 02 &#8211; 11.12<br \/>\n2017 \u2013 Group exhibition, Alambic Lounge, Gd-Rue 73-75, Morges 12.01 &#8211; 20.02<br \/>\n2017 \u2013 Free Art Sunday \u2013 4th ed., donation of artworks hidden in the streets, Les Grottes, Geneva, 12.02<br \/>\n2017 &#8211; Group exhibition, &#8220;Fotocol&#8221;, H\u00f4pitaux Universitaires Gen\u00e8ve (HUG), Gen\u00e8ve, 02.03-27.08<br \/>\n2017 &#8211; Group exhibition, &#8220;Kunst yourself&#8221; , Cit\u00e9 du Temps, Geneva, 07.07-07.08<br \/>\n2017 \u2013 Free Art Sunday \u2013 5th ed., donation of artworks hidden in the streets, Les P\u00e2quis, Geneva, 09.07<br \/>\n2017 &#8211; Individual exhibition, Galerie Calamart, Geneva 05.10-23.11<br \/>\n2017 &#8211; Individual exhibition, \u00ab atelier (rr)ouvre-toi \u00bb, Open house workshop Act-Art, Choully, 15-16.10<br \/>\n2017 &#8211; vente aux ench\u00e8res le 27 octobre \u00e0 Lausanne chez Ateapic Flon<br \/>\n2018 &#8211; Group exhibition, &#8220;!fage&#8221;, IFAGE, Geneva<br \/>\n2018 &#8211;\u00a0 Group exhibition, &#8220;Un soir aux Eaux-Vives&#8221;, Galerie Calamart, Geneva, 03.05<br \/>\n2018 &#8211; Group exhibition, &#8220;Forum de l&#8217;H\u00f4tel-de-Ville&#8221;, Lausanne, June<br \/>\n2018 &#8211; Group exhibition, Village hall, Satigny, 31.10 &#8211; 04.11<br \/>\n2018 &#8211; Free Art Sunday &#8211; 6th ed., donation of artworks hidden in the streets, Les\u00a0 Franchises, Geneva, 16.12<br \/>\n2019 \u2013 Group exhibition, Consultants associ\u00e9s SA, Geneva, 16.01 &#8211; 16.05.2019<br \/>\n2019 \u2013 Individual exhibition, Galerie IceBergues, Geneva, 31.01<br \/>\n2019 \u2013 Individual exhibition, Galerie Calamart, Geneva, 02.02\u201330.03<br \/>\n2019 \u2013 Group exhibition, H\u00f4pital Intercantonal de la Broye, Payerne, 29.01-29.05.2019<br \/>\n2019 \u2013 Group exhibition, Pure Clinic, Versoix, 15.04-14.08. 2019<br \/>\n2019 \u2013 Group exhibition, \u00ab Un soir aux Eaux-Vives \u00bb, Galerie Calamart, Geneva, 09.05.2019<br \/>\n2019 \u2013 Group exhibition, Liechtensteinische Landesbank, Geneva, 09.05-12.11.2019<br \/>\n2019 \u2013 Group exhibition, H\u00f4tel Restaurant l\u2018Union, Epalinges, 20.05-20.08.2019<br \/>\n2019 &#8211; Group exhibition, Centre M\u00e9dical Lausanne Ouest, 19.06 &#8211; 24.10.2019<br \/>\n2019-2020 \u2013 Group exhibition, &#8220;Flamboyance&#8221;, H\u00f4pital Intercantonal de la Broye, Payerne, 15.10-18.02<br \/>\n2019-2020 &#8211; Group exhibition, Centre M\u00e9dical Lausanne Ouest, 24.10 &#8211; 24.02<br \/>\n2019 &#8211; Individual exhibition, \u00ab atelier (rrr)ouvre-toi \u00bb, Open house workshop Act-Art, Choully, 2-3.11<br \/>\n2019 &#8211; Group exhibition, EMS Nouveau Kermont &#8211; Chamb\u00e9sy, 04.11 -04.12.2019<br \/>\n2019 &#8211; Group exhibition, &#8220;petits formats, grandes \u00e9motions&#8221;, Galerie F. Fontaine, Choully, 28.11-22.12<br \/>\n2020 &#8211; Duo exhibition with Marie-Claude Ruata, Galerie Ruine, Geneva, 11-15.03<br \/>\n2020-2021 &#8211; Group exhibition, &#8220;Mise en forme&#8221;, Medical Center Lausanne West, 16.11-16.03<br \/>\n2020-2021 &#8211; Duo exhibition with Philippe Juttens, &#8220;Vague exploratrice&#8221;, H\u00f4pital de La Tour, Meyrin, 17.11-18.02<br \/>\n2021 &#8211; &#8220;Month of July&#8221; in the &#8220;2021 Calendar&#8221; edited by Artraction<br \/>\n2021 &#8211; Group exhibition, &#8220;Colorful&#8221;, IFAGE, Geneva, 03.03.-31.08.2021<br \/>\n2021 &#8211; Group exhibition, &#8220;Funky City&#8221;, Consultants Associ\u00e9s&#8221;, Geneva, 23.03. &#8211; 22.07.2021<br \/>\n2021 &#8211; Group exhibition, Connexion-Ressources, Lausanne, 03.06 &#8211; 11.11.2021<br \/>\n2021-2022 &#8211; Group exhibition, Centre suisse de m\u00e9decine pr\u00e9ventive &#8211; H\u00f4pital de la Tour, Geneva, 16.07- 15.03<br \/>\n2021-2022 &#8211; Individual exhibition, H\u00f4tel Nendaz 4 Vall\u00e9es &amp; SPA, Nendaz, 16.12-28.04<br \/>\n2022 &#8211; Group exhibition, &#8220;R\u00eaves de territoires&#8221;, IFAGE, Geneva 28.06-01.11<br \/>\n2022 &#8211; Group exhibition, LOYCO, Lausanne, 14.07-16.11.2022<br \/>\n2022 &#8211; Group exhibition, &#8220;Expo totale&#8221;, M-Parc, Carouge, 07-21.11.2022<br \/>\n2022-2023 &#8211; Group exhibition, &#8220;D&#8217;une ligne \u00e0 l&#8217;autre&#8221;, Retraites populaires, Lausanne, 09.11.2022 &#8211; 02.05.2023<br \/>\n2023 &#8211; Group exhibition, Centre Suisse de M\u00e9decine Pr\u00e9ventive, Meyrin, 16.03 &#8211; 19.09<br \/>\n2023 &#8211; Group exhibition, H\u00f4pital Universitaire Gen\u00e8ve (HUG), Geneva, 26.04 &#8211; 31.08<br \/>\n2023 &#8211; Group exhibition, &#8220;Schweiz&#8221;, galerie Calamart, Geneva, 09.06 &#8211; 06.09<br \/>\n2023 &#8211; Group exhibition, Agence AXA, Geneva, start 14.09<br \/>\n2023 &#8211; Group exhibition, &#8220;La Ligne Bleue&#8221;, Flon, Lausanne, 07.09<br \/>\n2023 &#8211; Duo exhibition with Nicolas Noverraz, &#8220;Consomm&#8217;action&#8221;, Ports Francs, Geneva, 17-28.11<br \/>\n2024 &#8211; Group exhibition, &#8220;Splatch ! Bling ! Clonk !&#8221;, Galerie Calamart, Geneva, 16.01 &#8211; 16.03<br \/>\n2024 &#8211; Individual exhibition, Conf\u00e9d\u00e9ration Centre, Geneva, 26.04 &#8211; 25.05<br \/>\n2024 &#8211; Individual exhibition, &#8220;Mountains and writing&#8221;, Galerie Epicerie-caf\u00e9, Chandolin, 13.05 &#8211; 12.08<br \/>\n2024 &#8211; Individual exhibition, &#8220;Balade en bleu-jaune&#8221;, Metinvest International, Geneva, 21.05 &#8211; 30.10.2025<br \/>\n2024 \u2013 Group exhibition, Conf\u00e9d\u00e9ration Centre, Geneva, 06.06 \u2013 30.09 and auction 26.09<br \/>\n2024 &#8211; Group exhibition, &#8220;Conservation&#8221; (refrigerator doors !), Galerie Calamart, Geneva, 13.06 &#8211; 12.09<br \/>\n2024 \u2013 Group exhibition, &#8220;Voyage aux confins d\u2019un m\u00e9tavers&#8221;, Retraites populaires, Lausanne, 14.10 \u2013 13.02.2025<br \/>\n2024 &#8211; Group exhibition, &#8220;Satigny&#8217;s artists&#8221;, Village hall, Satigny, 8 &#8211; 10.11<br \/>\n2025 &#8211; Group exhibition, &#8220;Hiver 2025&#8221;, Galerie Calamart, Geneva, 20.02 &#8211; 30.03<br \/>\n2025 &#8211; Group exhibition, AXA, Geneva, 10.04 &#8211; 13.08<br \/>\n2025 &#8211; Group exhibition, &#8220;Mosa\u00efque&#8221;, KPMG, Pont-Rouge 6, Geneva, 17.04 &#8211; 16.10<br \/>\n2025 &#8211; Order of a collage, Gonet Bank, tombola &#8220;Gonet Geneva Open&#8221; (tennis), Geneva, 17-24.05<br \/>\n2025 &#8211; Group exhibition, &#8220;Un nouvel \u00e9lan&#8221;, IFAGE, Place des Augustins 19, Geneva, 30.05 &#8211; 04.11<br \/>\n2025 &#8211; Group exhibition, &#8220;Art fallen from the Santa&#8217;s sleigh&#8221;, Cartigny, 04-07.12<br \/>\n2025-2026 \u00a0Individual exhibition, Vacheron Constantin, Geneva, 21.10.2025 &#8211; 21.10.2026<br \/>\n2025-2026 Group exhibition, &#8220;Bleu&#8221;, Galerie Calamart, Geneva, November 2025 &#8211; January 2026<br \/>\n2026 &#8211; Individual exhibition, La Jonquille, Geneva, 02.02.2026 &#8211; 06.03.2026<\/p>\n<hr \/>\n<h3>Bibliography :<\/h3>\n<p>2006 \u00ab The art of collage at the dawning of the 21st century \u00bb &#8211; Ed. Artcolle : Paris \u2013 150p. [p. 49]<br \/>\n2008 \u00ab Techniques of the art of collage at the dawning of the 21st century \u00bb &#8211; Ed. Artcolle : Paris \u2013 139p. [p. 47]<br \/>\n2009 \u00ab The art of collage in all its forms \u00bb &#8211; Ed. P.-J. Varet : Pl\u00e9met \u2013 134p. [p. 47]<br \/>\n2012 \u00ab Freedom is a collage : A tribute to Jiri Kolar \u00bb &#8211; Ed. P.-J. Varet : Pl\u00e9met \u2013 95p. [p. 30]<\/p>\n<hr \/>\n<h3>Prizes :<\/h3>\n<p>2006 \u2013 Winner of the group exhibition \u00ab <a href=\"https:\/\/www.20min.ch\/ro\/news\/geneve\/story\/Plaisir-des-yeux-a-la-gare-11966065\">ARTGARE<\/a> \u00bb &#8211; Geneva train station (Cornavin) \u2013 6 &#8211; 19.11.06<br \/>\n2007 \u2013 Winner of photo competition in honor of the 100th anniversary of the Soci\u00e9t\u00e9 d\u2019Art Public &#8211; Geneva &#8211; 08.09.07<br \/>\n2014 &#8211; 3rd prize : &#8220;ARTEFACT&#8221; artistic itinerary about recycling &#8211; Satigny &#8211; autumn 2014 [\/vc_column_text][\/vc_column][\/vc_row]<\/p>\n","protected":false},"excerpt":{"rendered":"<p>Biography Eric Bossard was born in Geneva in 1954. After completing his studies in physiotherapy (Geneva) and ethnology (University of Neuch\u00e2tel), he spent seven years in Africa with the International Committee of the Red Cross (ICRC), UNICEF and as an independent ethnologist. He is currently working as an artist. The street and our society of [&hellip;]<\/p>\n","protected":false},"author":1,"featured_media":0,"parent":0,"menu_order":0,"comment_status":"closed","ping_status":"closed","template":"","meta":{"_themeisle_gutenberg_block_has_review":false,"footnotes":""},"class_list":["post-91","page","type-page","status-publish","hentry"],"translation":{"provider":"WPGlobus","version":"3.0.2","language":"gb","enabled_languages":["fr","gb"],"languages":{"fr":{"title":true,"content":true,"excerpt":false},"gb":{"title":false,"content":true,"excerpt":false}}},"_links":{"self":[{"href":"https:\/\/ericbossard.com\/gb\/wp-json\/wp\/v2\/pages\/91","targetHints":{"allow":["GET"]}}],"collection":[{"href":"https:\/\/ericbossard.com\/gb\/wp-json\/wp\/v2\/pages"}],"about":[{"href":"https:\/\/ericbossard.com\/gb\/wp-json\/wp\/v2\/types\/page"}],"author":[{"embeddable":true,"href":"https:\/\/ericbossard.com\/gb\/wp-json\/wp\/v2\/users\/1"}],"replies":[{"embeddable":true,"href":"https:\/\/ericbossard.com\/gb\/wp-json\/wp\/v2\/comments?post=91"}],"version-history":[{"count":145,"href":"https:\/\/ericbossard.com\/gb\/wp-json\/wp\/v2\/pages\/91\/revisions"}],"predecessor-version":[{"id":5047,"href":"https:\/\/ericbossard.com\/gb\/wp-json\/wp\/v2\/pages\/91\/revisions\/5047"}],"wp:attachment":[{"href":"https:\/\/ericbossard.com\/gb\/wp-json\/wp\/v2\/media?parent=91"}],"curies":[{"name":"wp","href":"https:\/\/api.w.org\/{rel}","templated":true}]}}