{"id":4981,"date":"2026-02-02T12:22:28","date_gmt":"2026-02-02T11:22:28","guid":{"rendered":"https:\/\/ericbossard.com\/?page_id=4981"},"modified":"2026-02-02T12:25:44","modified_gmt":"2026-02-02T11:25:44","slug":"toutes-les-oeuvres-3d","status":"publish","type":"page","link":"https:\/\/ericbossard.com\/gb\/toutes-les-oeuvres-3d\/","title":{"rendered":"All 3D artworks"},"content":{"rendered":"      <div id=\"post-grid-lazy-5031\" class=\"post-grid-lazy\"><img decoding=\"async\" alt=\"\" src=\"\" \/><\/div>\n    <script>\n      jQuery('#post-grid-lazy-5031').ready(function($) {\n        $('#post-grid-lazy-5031').fadeOut();\n        $('#post-grid-5031   ').fadeIn();\n      })\n    <\/script>\n    <style type=\"text\/css\">\n      #post-grid-5031 {\n        display: none;\n      }\n\n      .post-grid-lazy {\n        text-align: center;\n      }\n    <\/style>\n    <div data-options='{&quot;id&quot;:&quot;5031&quot;,&quot;lazy_load&quot;:&quot;yes&quot;,&quot;masonry_enable&quot;:&quot;no&quot;,&quot;view_type&quot;:&quot;grid&quot;}' id=\"post-grid-5031\" class=\"post-grid grid\">\n    \n\n\n    <div class=\"grid-items\">\n      <div class=\"item item-5020 skin flat even 0 \">\n        <div class=\"layer-wrapper layout-4173\">\n          <div class=\"element element_1707324339198  thumb_link \">\r\n                    <a target=\"_self\" href=\"https:\/\/ericbossard.com\/gb\/oeuvres-3d\/lucie-baud-3d-2026\/\"><img decoding=\"async\"\r\n                    alt=\"\" src=\"https:\/\/ericbossard.com\/wp-content\/uploads\/2026\/02\/2026-Lucie-Baud-3D-61x61x9-aiguilles-a-tricoter-600x610.jpg\"><\/a>\r\n            <\/div>\r\n    <div class=\"element element_1707324323601  title_link \">\r\n                    <a target=\"_self\"\r\n                href=\"https:\/\/ericbossard.com\/gb\/oeuvres-3d\/lucie-baud-3d-2026\/\">Lucie Baud 3D &#8211; 2026<\/a>\r\n            <\/div>\r\n    <div\r\n        class=\"element element_1707326550718  excerpt_read_more \">\r\n        Lucie Baud | 61x61x~9cm | 2026 [i] LUCIE BAUD LUCIE BAUD, n\u00e9e le 23 f\u00e9vrier        <a target=\"_self\"\r\n            href=\"https:\/\/ericbossard.com\/gb\/oeuvres-3d\/lucie-baud-3d-2026\/\">Read more<\/a>\r\n    <\/div>\r\n    <\/div>\n  <\/div><div class=\"item item-4962 skin flat odd 1 \">\n        <div class=\"layer-wrapper layout-4173\">\n          <div class=\"element element_1707324339198  thumb_link \">\r\n                    <a target=\"_self\" href=\"https:\/\/ericbossard.com\/gb\/oeuvres-3d\/margarethe-faas-heidegger\/\"><img decoding=\"async\"\r\n                    alt=\"\" src=\"https:\/\/ericbossard.com\/wp-content\/uploads\/2021\/10\/2026-Margarethe-Faas-Hardegger-3D-61x61x9cm-aiguilles-a-tricoter-595x610.jpg\"><\/a>\r\n            <\/div>\r\n    <div class=\"element element_1707324323601  title_link \">\r\n                    <a target=\"_self\"\r\n                href=\"https:\/\/ericbossard.com\/gb\/oeuvres-3d\/margarethe-faas-heidegger\/\">Margarethe Faas-Hardegger<\/a>\r\n            <\/div>\r\n    <div\r\n        class=\"element element_1707326550718  excerpt_read_more \">\r\n        Margarethe Faas-Hardegger | 71x71x~9cm | 2026 [i] MARGARETHE FAAS-HARDEGGER MARGARETHE FAAS-HARDEGGER na\u00eet \u00e0 Berne le        <a target=\"_self\"\r\n            href=\"https:\/\/ericbossard.com\/gb\/oeuvres-3d\/margarethe-faas-heidegger\/\">Read more<\/a>\r\n    <\/div>\r\n    <\/div>\n  <\/div><div class=\"item item-4955 skin flat even 2 \">\n        <div class=\"layer-wrapper layout-4173\">\n          <div class=\"element element_1707324339198  thumb_link \">\r\n                    <a target=\"_self\" href=\"https:\/\/ericbossard.com\/gb\/oeuvres-3d\/lucie-coutaz-51x51x7-cm\/\"><img decoding=\"async\"\r\n                    alt=\"\" src=\"https:\/\/ericbossard.com\/wp-content\/uploads\/2021\/10\/2026-Lucie-Coutaz-3D-51x51x7cm-crayons-600x590.jpg\"><\/a>\r\n            <\/div>\r\n    <div class=\"element element_1707324323601  title_link \">\r\n                    <a target=\"_self\"\r\n                href=\"https:\/\/ericbossard.com\/gb\/oeuvres-3d\/lucie-coutaz-51x51x7-cm\/\">Lucie Coutaz 51x51x~7 cm<\/a>\r\n            <\/div>\r\n    <div\r\n        class=\"element element_1707326550718  excerpt_read_more \">\r\n        Lucie Coutaz | 51x51x~7cm | 2026 [i] LUCIE COUTAZ Lucie Coutaz (ou Coutaz-Repland), n\u00e9e le        <a target=\"_self\"\r\n            href=\"https:\/\/ericbossard.com\/gb\/oeuvres-3d\/lucie-coutaz-51x51x7-cm\/\">Read more<\/a>\r\n    <\/div>\r\n    <\/div>\n  <\/div><div class=\"item item-4940 skin flat odd 3 \">\n        <div class=\"layer-wrapper layout-4173\">\n          <div class=\"element element_1707324339198  thumb_link \">\r\n                    <a target=\"_self\" href=\"https:\/\/ericbossard.com\/gb\/oeuvres-3d\/capitalocene\/\"><img decoding=\"async\"\r\n                    alt=\"\" src=\"https:\/\/ericbossard.com\/wp-content\/uploads\/2021\/10\/2026-Capitalocene-72x72x9cm-briques-de-boissons-600x591.jpg\"><\/a>\r\n            <\/div>\r\n    <div class=\"element element_1707324323601  title_link \">\r\n                    <a target=\"_self\"\r\n                href=\"https:\/\/ericbossard.com\/gb\/oeuvres-3d\/capitalocene\/\">Capitaloc\u00e8ne<\/a>\r\n            <\/div>\r\n    <div\r\n        class=\"element element_1707326550718  excerpt_read_more \">\r\n        Capitaloc\u00e8ne | 72x72x~9cm | 2026 [i] CAPITALOC\u00c8NE Le CAPITALOC\u00c8NE est un concept qui, d\u00e9signant sensiblement        <a target=\"_self\"\r\n            href=\"https:\/\/ericbossard.com\/gb\/oeuvres-3d\/capitalocene\/\">Read more<\/a>\r\n    <\/div>\r\n    <\/div>\n  <\/div><div class=\"item item-4854 skin flat even 4 \">\n        <div class=\"layer-wrapper layout-4173\">\n          <div class=\"element element_1707324339198  thumb_link \">\r\n                    <a target=\"_self\" href=\"https:\/\/ericbossard.com\/gb\/oeuvres-3d\/table-panoramique-du-fakir\/\"><img decoding=\"async\"\r\n                    alt=\"\" src=\"https:\/\/ericbossard.com\/wp-content\/uploads\/2021\/10\/2025-Crayons-1-600x600.jpg\"><\/a>\r\n            <\/div>\r\n    <div class=\"element element_1707324323601  title_link \">\r\n                    <a target=\"_self\"\r\n                href=\"https:\/\/ericbossard.com\/gb\/oeuvres-3d\/table-panoramique-du-fakir\/\">Table panoramique du Fakir<\/a>\r\n            <\/div>\r\n    <div\r\n        class=\"element element_1707326550718  excerpt_read_more \">\r\n        Table panoramique du fakir | 70x70x10cm + pieds | 2025 [i] \"Table panoramique du fakir\"        <a target=\"_self\"\r\n            href=\"https:\/\/ericbossard.com\/gb\/oeuvres-3d\/table-panoramique-du-fakir\/\">Read more<\/a>\r\n    <\/div>\r\n    <\/div>\n  <\/div><div class=\"item item-4259 skin flat odd 5 \">\n        <div class=\"layer-wrapper layout-4173\">\n          <div class=\"element element_1707324339198  thumb_link \">\r\n                    <a target=\"_self\" href=\"https:\/\/ericbossard.com\/gb\/oeuvres-3d\/jomo-2024\/\"><img decoding=\"async\"\r\n                    alt=\"\" src=\"https:\/\/ericbossard.com\/wp-content\/uploads\/2021\/10\/2024-JOMO-70x70x8cm-\u263b-A-LATELIER-EN-2024-600x598.jpg\"><\/a>\r\n            <\/div>\r\n    <div class=\"element element_1707324323601  title_link \">\r\n                    <a target=\"_self\"\r\n                href=\"https:\/\/ericbossard.com\/gb\/oeuvres-3d\/jomo-2024\/\">JOMO (2024)<\/a>\r\n            <\/div>\r\n    <div\r\n        class=\"element element_1707326550718  excerpt_read_more \">\r\n        JOMO | 70x70x8cm | 2024 [i] JOMO JOMO ou le l\u00e2cher-prise. L\u2019attitude JOMO (acronyme de        <a target=\"_self\"\r\n            href=\"https:\/\/ericbossard.com\/gb\/oeuvres-3d\/jomo-2024\/\">Read more<\/a>\r\n    <\/div>\r\n    <\/div>\n  <\/div><div class=\"item item-4452 skin flat even 6 \">\n        <div class=\"layer-wrapper layout-4173\">\n          <div class=\"element element_1707324339198  thumb_link \">\r\n                    <a target=\"_self\" href=\"https:\/\/ericbossard.com\/gb\/oeuvres-3d\/fevrier-sans-supermarche\/\"><img decoding=\"async\"\r\n                    alt=\"\" src=\"https:\/\/ericbossard.com\/wp-content\/uploads\/2021\/10\/2023-Fevrier-sans-supermarche-100x100x6cm-0-\u263b-A-LATELIER-2024-1-589x610.jpg\"><\/a>\r\n            <\/div>\r\n    <div class=\"element element_1707324323601  title_link \">\r\n                    <a target=\"_self\"\r\n                href=\"https:\/\/ericbossard.com\/gb\/oeuvres-3d\/fevrier-sans-supermarche\/\">F\u00e9vrier sans supermarch\u00e9<\/a>\r\n            <\/div>\r\n    <div\r\n        class=\"element element_1707326550718  excerpt_read_more \">\r\n        F\u00e9vrier sans supermarch\u00e9 | 100 x 100 x 6 cm | 2023 [i] F\u00c9VRIER SANS        <a target=\"_self\"\r\n            href=\"https:\/\/ericbossard.com\/gb\/oeuvres-3d\/fevrier-sans-supermarche\/\">Read more<\/a>\r\n    <\/div>\r\n    <\/div>\n  <\/div><div class=\"item item-4446 skin flat odd 7 \">\n        <div class=\"layer-wrapper layout-4173\">\n          <div class=\"element element_1707324339198  thumb_link \">\r\n                    <a target=\"_self\" href=\"https:\/\/ericbossard.com\/gb\/oeuvres-3d\/pharmaddict\/\"><img decoding=\"async\"\r\n                    alt=\"\" src=\"https:\/\/ericbossard.com\/wp-content\/uploads\/2021\/10\/2023-Pharmaddict-70x70x6cm-1-\u263b-A-LATELIER-EN-2024-1-600x601.jpg\"><\/a>\r\n            <\/div>\r\n    <div class=\"element element_1707324323601  title_link \">\r\n                    <a target=\"_self\"\r\n                href=\"https:\/\/ericbossard.com\/gb\/oeuvres-3d\/pharmaddict\/\">Pharmaddict<\/a>\r\n            <\/div>\r\n    <div\r\n        class=\"element element_1707326550718  excerpt_read_more \">\r\n        Pharmaddict | 70 x 70 cm | 2023 [i] PHARMADDICT Il s\u2019agit de la d\u00e9pendance        <a target=\"_self\"\r\n            href=\"https:\/\/ericbossard.com\/gb\/oeuvres-3d\/pharmaddict\/\">Read more<\/a>\r\n    <\/div>\r\n    <\/div>\n  <\/div><div class=\"item item-3728 skin flat even 8 \">\n        <div class=\"layer-wrapper layout-4173\">\n          <div class=\"element element_1707324339198  thumb_link \">\r\n                    <a target=\"_self\" href=\"https:\/\/ericbossard.com\/gb\/oeuvres-3d\/maria-do-carmo-medina-2018-2\/\"><img decoding=\"async\"\r\n                    alt=\"\" src=\"https:\/\/ericbossard.com\/wp-content\/uploads\/2021\/10\/2018-Maria-do-Carmo-Medina-100x100cm-Copier-600x596.jpg\"><\/a>\r\n            <\/div>\r\n    <div class=\"element element_1707324323601  title_link \">\r\n                    <a target=\"_self\"\r\n                href=\"https:\/\/ericbossard.com\/gb\/oeuvres-3d\/maria-do-carmo-medina-2018-2\/\">Maria de Carmo Medina<\/a>\r\n            <\/div>\r\n    <div\r\n        class=\"element element_1707326550718  excerpt_read_more \">\r\n        Maria de Carmo Medina | 100 x 100 cm | 2018 [i] MARIA DO CARMO        <a target=\"_self\"\r\n            href=\"https:\/\/ericbossard.com\/gb\/oeuvres-3d\/maria-do-carmo-medina-2018-2\/\">Read more<\/a>\r\n    <\/div>\r\n    <\/div>\n  <\/div><div class=\"item item-4436 skin flat odd 9 \">\n        <div class=\"layer-wrapper layout-4173\">\n          <div class=\"element element_1707324339198  thumb_link \">\r\n                    <a target=\"_self\" href=\"https:\/\/ericbossard.com\/gb\/oeuvres-3d\/site-2000-watt-2\/\"><img decoding=\"async\"\r\n                    alt=\"\" src=\"https:\/\/ericbossard.com\/wp-content\/uploads\/2021\/10\/2016-Site-2000-Watt-100x100cm-600x610.jpg\"><\/a>\r\n            <\/div>\r\n    <div class=\"element element_1707324323601  title_link \">\r\n                    <a target=\"_self\"\r\n                href=\"https:\/\/ericbossard.com\/gb\/oeuvres-3d\/site-2000-watt-2\/\">Site 2000 Watt<\/a>\r\n            <\/div>\r\n    <div\r\n        class=\"element element_1707326550718  excerpt_read_more \">\r\n        Site 2000 Watt | 100 x 100 cm | 2016 [i] CERTIFICAT POUR LES SITES        <a target=\"_self\"\r\n            href=\"https:\/\/ericbossard.com\/gb\/oeuvres-3d\/site-2000-watt-2\/\">Read more<\/a>\r\n    <\/div>\r\n    <\/div>\n  <\/div><div class=\"item item-3287 skin flat even 10 \">\n        <div class=\"layer-wrapper layout-4173\">\n          <div class=\"element element_1707324339198  thumb_link \">\r\n                    <a target=\"_self\" href=\"https:\/\/ericbossard.com\/gb\/oeuvres-3d\/deconnectez-jaspire-au-calme\/\"><img decoding=\"async\"\r\n                    alt=\"\" src=\"https:\/\/ericbossard.com\/wp-content\/uploads\/2018\/01\/2019-D\u00e9connectez-jaspire-au-calme-III-40x40x30cm-600x592.jpg\"><\/a>\r\n            <\/div>\r\n    <div class=\"element element_1707324323601  title_link \">\r\n                    <a target=\"_self\"\r\n                href=\"https:\/\/ericbossard.com\/gb\/oeuvres-3d\/deconnectez-jaspire-au-calme\/\">D\u00e9connectez, j&#8217;aspire au calme!<\/a>\r\n            <\/div>\r\n    <div\r\n        class=\"element element_1707326550718  excerpt_read_more \">\r\n        D\u00e9connectez, j'aspire au calme! | 4 x 40x40x30cm | 2019\u00a0 [i] D\u00e9connectez, j'aspire au calme!        <a target=\"_self\"\r\n            href=\"https:\/\/ericbossard.com\/gb\/oeuvres-3d\/deconnectez-jaspire-au-calme\/\">Read more<\/a>\r\n    <\/div>\r\n    <\/div>\n  <\/div><div class=\"item item-3285 skin flat odd 11 \">\n        <div class=\"layer-wrapper layout-4173\">\n          <div class=\"element element_1707324339198  thumb_link \">\r\n                    <a target=\"_self\" href=\"https:\/\/ericbossard.com\/gb\/oeuvres-3d\/stop-aux-plastiques-inutiles\/\"><img decoding=\"async\"\r\n                    alt=\"\" src=\"https:\/\/ericbossard.com\/wp-content\/uploads\/2018\/01\/2019-Stop-aux-plastiques-inutiles-1-1-600x600.jpg\"><\/a>\r\n            <\/div>\r\n    <div class=\"element element_1707324323601  title_link \">\r\n                    <a target=\"_self\"\r\n                href=\"https:\/\/ericbossard.com\/gb\/oeuvres-3d\/stop-aux-plastiques-inutiles\/\">Stop aux plastiques inutiles<\/a>\r\n            <\/div>\r\n    <div\r\n        class=\"element element_1707326550718  excerpt_read_more \">\r\n        Stop aux plastiques inutiles | 4 x 40x40x30cm | 2019\u00a0 [i] Stop \u00e0 l'utilisation abusive        <a target=\"_self\"\r\n            href=\"https:\/\/ericbossard.com\/gb\/oeuvres-3d\/stop-aux-plastiques-inutiles\/\">Read more<\/a>\r\n    <\/div>\r\n    <\/div>\n  <\/div>    <\/div>\n    <div class=\"pagination\">\n      <div class=\"paginate\">\n    <span aria-current=\"page\" class=\"page-numbers current\">1<\/span>\n<a class=\"page-numbers\" href=\"https:\/\/ericbossard.com\/gb\/wp-json\/wp\/v2\/pages\/4981\/page\/2\/\">2<\/a>\n<a class=\"next page-numbers\" href=\"https:\/\/ericbossard.com\/gb\/wp-json\/wp\/v2\/pages\/4981\/page\/2\/\">Next \u00bb<\/a>  <\/div>\n  <style type=\"text\/css\">\n    #post-grid-5031 .pagination .page-numbers {\n      font-size: 16px;\n      color: #fff;\n      background: #646464;\n    }\n\n    #post-grid-5031 .pagination .page-numbers:hover,\n    #post-grid-5031 .pagination .page-numbers.current {\n      background: #4b4b4b;\n    }\n  <\/style>\n  <\/div>\n    <style type=\"text\/css\">\r\n        .layout-4173 .element_1707324339198 {\r\n            overflow: hidden;\r\n                    }\r\n\r\n        .layout-4173 .element_1707324339198 img {\r\n            max-width: 100%;\r\n            height: auto;\r\n        }\r\n\r\n        @media only screen and (min-width: 1024px) {\r\n            .layout-4173 .element_1707324339198 {\r\n                            }\r\n        }\r\n\r\n        @media only screen and (min-width: 768px) and (max-width: 1023px) {\r\n            .layout-4173 .element_1707324339198 {\r\n                            }\r\n        }\r\n\r\n        @media only screen and (min-width: 0px) and (max-width: 767px) {\r\n            .layout-4173 .element_1707324339198 {\r\n                            }\r\n        }\r\n    <\/style>\r\n    <style type=\"text\/css\">\r\n        .layout-4173 .element_1707324323601 {\r\n            text-align: left;\r\n                    }\r\n\r\n        .layout-4173 .element_1707324323601 a {\r\n                    }\r\n    <\/style>\r\n    <style type=\"text\/css\">\r\n        .layout-4173 .element_1707326550718 {\r\n            text-align: left;\r\n                    }\r\n\r\n        .layout-4173 .element_1707326550718 a {\r\n                    }\r\n    <\/style>\r\n      <script>\n          <\/script>\n    <style type=\"text\/css\">\n    #post-grid-5031 {\n      padding: 10px;\n          }\n\n    #post-grid-5031 .item {\n      padding: 0px;\n      background: #fff;\n          }\n\n    #post-grid-5031 .item .layer-media {\n      height:auto;    }\n\n    @media only screen and (min-width: 0px) and (max-width: 767px) {\n      #post-grid-5031 .grid-items {\n        text-align: center;\n              }\n\n      #post-grid-5031 .item {\n        width: 90%;\n        margin: 10px;\n        display: inline-block;\n        vertical-align: top;\n        height:auto;      }\n    }\n\n    @media only screen and (min-width: 768px) and (max-width: 1023px) {\n      #post-grid-5031 .grid-items {\n        text-align: center;\n              }\n\n      #post-grid-5031 .item {\n        width: 280px;\n        margin: 10px;\n        display: inline-block;\n        vertical-align: top;\n        max-height:auto;      }\n    }\n\n    @media only screen and (min-width: 1024px) {\n      #post-grid-5031 .grid-items {\n        text-align: center;\n              }\n\n      #post-grid-5031 .item {\n        width: 280px;\n        display: inline-block;\n        margin: 10px;\n        vertical-align: top;\n        height:auto;      }\n    }\n\n      <\/style>\n  <\/div>\n\n","protected":false},"excerpt":{"rendered":"","protected":false},"author":1,"featured_media":0,"parent":0,"menu_order":0,"comment_status":"closed","ping_status":"closed","template":"","meta":{"_themeisle_gutenberg_block_has_review":false,"footnotes":""},"class_list":["post-4981","page","type-page","status-publish","hentry"],"translation":{"provider":"WPGlobus","version":"3.0.2","language":"gb","enabled_languages":["fr","gb"],"languages":{"fr":{"title":true,"content":true,"excerpt":false},"gb":{"title":true,"content":true,"excerpt":false}}},"_links":{"self":[{"href":"https:\/\/ericbossard.com\/gb\/wp-json\/wp\/v2\/pages\/4981","targetHints":{"allow":["GET"]}}],"collection":[{"href":"https:\/\/ericbossard.com\/gb\/wp-json\/wp\/v2\/pages"}],"about":[{"href":"https:\/\/ericbossard.com\/gb\/wp-json\/wp\/v2\/types\/page"}],"author":[{"embeddable":true,"href":"https:\/\/ericbossard.com\/gb\/wp-json\/wp\/v2\/users\/1"}],"replies":[{"embeddable":true,"href":"https:\/\/ericbossard.com\/gb\/wp-json\/wp\/v2\/comments?post=4981"}],"version-history":[{"count":4,"href":"https:\/\/ericbossard.com\/gb\/wp-json\/wp\/v2\/pages\/4981\/revisions"}],"predecessor-version":[{"id":5033,"href":"https:\/\/ericbossard.com\/gb\/wp-json\/wp\/v2\/pages\/4981\/revisions\/5033"}],"wp:attachment":[{"href":"https:\/\/ericbossard.com\/gb\/wp-json\/wp\/v2\/media?parent=4981"}],"curies":[{"name":"wp","href":"https:\/\/api.w.org\/{rel}","templated":true}]}}