{"id":457,"date":"2017-12-19T17:02:33","date_gmt":"2017-12-19T16:02:33","guid":{"rendered":"http:\/\/edfkcit.cluster030.hosting.ovh.net\/?page_id=457"},"modified":"2026-02-02T12:33:14","modified_gmt":"2026-02-02T11:33:14","slug":"collages","status":"publish","type":"page","link":"https:\/\/ericbossard.com\/gb\/","title":{"rendered":"Oeuvres"},"content":{"rendered":"<p><a style=\"float: right; font-family: Inconsolata;\" href=\"\/all-collages-eb\/\" data-wplink-edit=\"true\">All pictures<\/a><br>      <div id=\"post-grid-lazy-3017\" class=\"post-grid-lazy\"><img decoding=\"async\" alt=\"\" src=\"\" \/><\/div>\n    <script>\n      jQuery('#post-grid-lazy-3017').ready(function($) {\n        $('#post-grid-lazy-3017').fadeOut();\n        $('#post-grid-3017   ').fadeIn();\n      })\n    <\/script>\n    <style type=\"text\/css\">\n      #post-grid-3017 {\n        display: none;\n      }\n\n      .post-grid-lazy {\n        text-align: center;\n      }\n    <\/style>\n    <div data-options='{&quot;id&quot;:&quot;3017&quot;,&quot;lazy_load&quot;:&quot;yes&quot;,&quot;masonry_enable&quot;:&quot;no&quot;,&quot;view_type&quot;:&quot;grid&quot;}' id=\"post-grid-3017\" class=\"post-grid grid\">\n    \n\n\n    <div class=\"grid-items\">\n      <div class=\"item item-4281 skin flip-x even 0 \">\n        <div class=\"layer-wrapper layout-\">\n        <div class=\"layer-media\"><a href=\"https:\/\/ericbossard.com\/gb\/embedments\/100-elles-3-et-4-sur-4-2024\/\"><img decoding=\"async\" alt=\"\" src=\"https:\/\/ericbossard.com\/wp-content\/uploads\/2021\/10\/2024-100-Elles-III-70x70cm-\u263b-A-LATELIER-EN-2024-600x601.jpg\" \/><\/a><\/div>\n  <div class=\"layer-content\">\n        <div class=\"element element_0  title_link \">\r\n                    <a target=\"_blank\"\r\n                href=\"https:\/\/ericbossard.com\/gb\/embedments\/100-elles-3-et-4-sur-4-2024\/\">100 Elles (3 et 4 sur 4 &#8211; 2024)<\/a>\r\n            <\/div>\r\n    <div class=\"element element_1573854441620  excerpt \">\r\n        100 Elles 3 &amp; 4 sur 4 | 70x70cm | 2024 [i] Le projet 100Elles* investit les rues de Gen\u00e8ve            <\/div>\r\n    <div class=\"element element_2  thumb_link \">\r\n                    <a target=\"\" href=\"https:\/\/ericbossard.com\/gb\/embedments\/100-elles-3-et-4-sur-4-2024\/\"><img decoding=\"async\"\r\n                    alt=\"\" src=\"https:\/\/ericbossard.com\/wp-content\/uploads\/2021\/10\/2024-100-Elles-III-70x70cm-\u263b-A-LATELIER-EN-2024-600x601.jpg\"><\/a>\r\n            <\/div>\r\n  <\/div>\n    <\/div>\n  <\/div><div class=\"item item-4272 skin flip-x odd 1 \">\n        <div class=\"layer-wrapper layout-\">\n        <div class=\"layer-media\"><a href=\"https:\/\/ericbossard.com\/gb\/embedments\/100-elles-2024\/\"><img decoding=\"async\" alt=\"\" src=\"https:\/\/ericbossard.com\/wp-content\/uploads\/2021\/10\/2024-100-Elles-I-70x70cm-\u263b-A-LATELIER-EN-2024-600x603.jpg\" \/><\/a><\/div>\n  <div class=\"layer-content\">\n        <div class=\"element element_0  title_link \">\r\n                    <a target=\"_blank\"\r\n                href=\"https:\/\/ericbossard.com\/gb\/embedments\/100-elles-2024\/\">100 Elles (1 et 2 sur 4) (2024)<\/a>\r\n            <\/div>\r\n    <div class=\"element element_1573854441620  excerpt \">\r\n        \u00a0 100 Elles 1 &amp; 2 sur 4 | 70x70cm | 2024 [i] \u00a0 Le projet 100Elles* investit les rues            <\/div>\r\n    <div class=\"element element_2  thumb_link \">\r\n                    <a target=\"\" href=\"https:\/\/ericbossard.com\/gb\/embedments\/100-elles-2024\/\"><img decoding=\"async\"\r\n                    alt=\"\" src=\"https:\/\/ericbossard.com\/wp-content\/uploads\/2021\/10\/2024-100-Elles-I-70x70cm-\u263b-A-LATELIER-EN-2024-600x603.jpg\"><\/a>\r\n            <\/div>\r\n  <\/div>\n    <\/div>\n  <\/div><div class=\"item item-4245 skin flip-x even 2 \">\n        <div class=\"layer-wrapper layout-\">\n        <div class=\"layer-media\"><a href=\"https:\/\/ericbossard.com\/gb\/embedments\/banco-palmas-2024\/\"><img decoding=\"async\" alt=\"\" src=\"https:\/\/ericbossard.com\/wp-content\/uploads\/2021\/10\/2024-Banco-palmas-60x60cm-600x601.jpg\" \/><\/a><\/div>\n  <div class=\"layer-content\">\n        <div class=\"element element_0  title_link \">\r\n                    <a target=\"_blank\"\r\n                href=\"https:\/\/ericbossard.com\/gb\/embedments\/banco-palmas-2024\/\">Banco Palmas (2024)<\/a>\r\n            <\/div>\r\n    <div class=\"element element_1573854441620  excerpt \">\r\n        Banco Palmas | 60x60cm | 2024 [i] BANCO PALMAS BANCO PALMAS BRASIL, une banque communautaire prosp\u00e8re. Cr\u00e9\u00e9e en 1998 dans            <\/div>\r\n    <div class=\"element element_2  thumb_link \">\r\n                    <a target=\"\" href=\"https:\/\/ericbossard.com\/gb\/embedments\/banco-palmas-2024\/\"><img decoding=\"async\"\r\n                    alt=\"\" src=\"https:\/\/ericbossard.com\/wp-content\/uploads\/2021\/10\/2024-Banco-palmas-60x60cm-600x601.jpg\"><\/a>\r\n            <\/div>\r\n  <\/div>\n    <\/div>\n  <\/div>    <\/div>\n        <script>\n          <\/script>\n    <style type=\"text\/css\">\n    #post-grid-3017 .element_0 {\n      display: block;font-size: 21px;line-height: normal;padding: 5px 10px;text-align: left;    }\n\n    #post-grid-3017 .element_1573854441620 {\n      display: block;font-size: 13px;line-height: normal;padding: 5px 10px;text-align: left;    }\n\n    #post-grid-3017 .element_2 {\n      display: block;font-size: 13px;line-height: normal;padding: 5px 10px;text-align: left;    }\n\n    #post-grid-3017 .element_0:hover{}#post-grid-3017 .element_1573854441620:hover{}#post-grid-3017 .element_2:hover{}  <\/style>\n  <style type=\"text\/css\">\n    #post-grid-3017 {\n      padding: 10px;\n          }\n\n    #post-grid-3017 .item {\n      padding: 0px;\n      background: #fff;\n          }\n\n    #post-grid-3017 .item .layer-media {\n      height:auto;    }\n\n    @media only screen and (min-width: 0px) and (max-width: 767px) {\n      #post-grid-3017 .grid-items {\n        text-align: center;\n              }\n\n      #post-grid-3017 .item {\n        width: 90%;\n        margin: 10px;\n        display: inline-block;\n        vertical-align: top;\n        max-height:280px;      }\n    }\n\n    @media only screen and (min-width: 768px) and (max-width: 1023px) {\n      #post-grid-3017 .grid-items {\n        text-align: center;\n              }\n\n      #post-grid-3017 .item {\n        width: 280px;\n        margin: 10px;\n        display: inline-block;\n        vertical-align: top;\n        max-height:280px;      }\n    }\n\n    @media only screen and (min-width: 1024px) {\n      #post-grid-3017 .grid-items {\n        text-align: center;\n              }\n\n      #post-grid-3017 .item {\n        width: 280px;\n        display: inline-block;\n        margin: 10px;\n        vertical-align: top;\n        max-height:280px;      }\n    }\n\n      <\/style>\n  <\/div>\n<\/p>\n<p><a style=\"float: right; font-family: Inconsolata;\" href=\"\/all-embedments\/\">All embedments<\/a><br>      <div id=\"post-grid-lazy-3020\" class=\"post-grid-lazy\"><img decoding=\"async\" alt=\"\" src=\"\" \/><\/div>\n    <script>\n      jQuery('#post-grid-lazy-3020').ready(function($) {\n        $('#post-grid-lazy-3020').fadeOut();\n        $('#post-grid-3020   ').fadeIn();\n      })\n    <\/script>\n    <style type=\"text\/css\">\n      #post-grid-3020 {\n        display: none;\n      }\n\n      .post-grid-lazy {\n        text-align: center;\n      }\n    <\/style>\n    <div data-options='{&quot;id&quot;:&quot;3020&quot;,&quot;lazy_load&quot;:&quot;yes&quot;,&quot;masonry_enable&quot;:&quot;no&quot;,&quot;view_type&quot;:&quot;grid&quot;}' id=\"post-grid-3020\" class=\"post-grid grid\">\n    \n\n\n    <div class=\"grid-items\">\n      <div class=\"item item-5005 skin flip-x even 0 \">\n        <div class=\"layer-wrapper layout-\">\n        <div class=\"layer-media\"><a href=\"https:\/\/ericbossard.com\/gb\/portfolio\/couteaux-suisses-iv-2025\/\"><img decoding=\"async\" alt=\"\" src=\"https:\/\/ericbossard.com\/wp-content\/uploads\/2026\/01\/2025-Couteaux-suisses-135x135x385mm-n\u00b0-303-4-405x610.jpg\" \/><\/a><\/div>\n  <div class=\"layer-content\">\n        <div class=\"element element_0  title_link \">\r\n                    <a target=\"_blank\"\r\n                href=\"https:\/\/ericbossard.com\/gb\/portfolio\/couteaux-suisses-iv-2025\/\">Couteaux suisses IV &#8211; 2025<\/a>\r\n            <\/div>\r\n    <div class=\"element element_1573854441620  excerpt \">\r\n        n\u00b0 303 | Couteaux suisses IV | 385x135x135cm | 2025            <\/div>\r\n    <div class=\"element element_2  thumb_link \">\r\n                    <a target=\"\" href=\"https:\/\/ericbossard.com\/gb\/portfolio\/couteaux-suisses-iv-2025\/\"><img decoding=\"async\"\r\n                    alt=\"\" src=\"https:\/\/ericbossard.com\/wp-content\/uploads\/2026\/01\/2025-Couteaux-suisses-135x135x385mm-n\u00b0-303-4-405x610.jpg\"><\/a>\r\n            <\/div>\r\n  <\/div>\n    <\/div>\n  <\/div><div class=\"item item-5002 skin flip-x odd 1 \">\n        <div class=\"layer-wrapper layout-\">\n        <div class=\"layer-media\"><a href=\"https:\/\/ericbossard.com\/gb\/portfolio\/couteaux-suisses-iii-2025\/\"><img decoding=\"async\" alt=\"\" src=\"https:\/\/ericbossard.com\/wp-content\/uploads\/2026\/01\/2025-Couteaux-suisses-135x135x385mm-n\u00b0-302-3-405x610.jpg\" \/><\/a><\/div>\n  <div class=\"layer-content\">\n        <div class=\"element element_0  title_link \">\r\n                    <a target=\"_blank\"\r\n                href=\"https:\/\/ericbossard.com\/gb\/portfolio\/couteaux-suisses-iii-2025\/\">Couteaux suisses III &#8211; 2025<\/a>\r\n            <\/div>\r\n    <div class=\"element element_1573854441620  excerpt \">\r\n        n\u00b0 302 | Couteaux suisses III | 385x135x135cm | 2025            <\/div>\r\n    <div class=\"element element_2  thumb_link \">\r\n                    <a target=\"\" href=\"https:\/\/ericbossard.com\/gb\/portfolio\/couteaux-suisses-iii-2025\/\"><img decoding=\"async\"\r\n                    alt=\"\" src=\"https:\/\/ericbossard.com\/wp-content\/uploads\/2026\/01\/2025-Couteaux-suisses-135x135x385mm-n\u00b0-302-3-405x610.jpg\"><\/a>\r\n            <\/div>\r\n  <\/div>\n    <\/div>\n  <\/div><div class=\"item item-4999 skin flip-x even 2 \">\n        <div class=\"layer-wrapper layout-\">\n        <div class=\"layer-media\"><a href=\"https:\/\/ericbossard.com\/gb\/portfolio\/couteaux-suisses-ii-2025\/\"><img decoding=\"async\" alt=\"\" src=\"https:\/\/ericbossard.com\/wp-content\/uploads\/2026\/01\/2025-Couteaux-suisses-135x135x385mm-n\u00b0-301-2-405x610.jpg\" \/><\/a><\/div>\n  <div class=\"layer-content\">\n        <div class=\"element element_0  title_link \">\r\n                    <a target=\"_blank\"\r\n                href=\"https:\/\/ericbossard.com\/gb\/portfolio\/couteaux-suisses-ii-2025\/\">Couteaux suisses II &#8211; 2025<\/a>\r\n            <\/div>\r\n    <div class=\"element element_1573854441620  excerpt \">\r\n        n\u00b0 301 | Couteaux suisses II | 385x135x135cm | 2025            <\/div>\r\n    <div class=\"element element_2  thumb_link \">\r\n                    <a target=\"\" href=\"https:\/\/ericbossard.com\/gb\/portfolio\/couteaux-suisses-ii-2025\/\"><img decoding=\"async\"\r\n                    alt=\"\" src=\"https:\/\/ericbossard.com\/wp-content\/uploads\/2026\/01\/2025-Couteaux-suisses-135x135x385mm-n\u00b0-301-2-405x610.jpg\"><\/a>\r\n            <\/div>\r\n  <\/div>\n    <\/div>\n  <\/div>    <\/div>\n        <script>\n          <\/script>\n    <style type=\"text\/css\">\n    #post-grid-3020 .element_0 {\n      display: block;font-size: 21px;line-height: normal;padding: 5px 10px;text-align: left;    }\n\n    #post-grid-3020 .element_1573854441620 {\n      display: block;font-size: 13px;line-height: normal;padding: 5px 10px;text-align: left;    }\n\n    #post-grid-3020 .element_2 {\n      display: block;font-size: 13px;line-height: normal;padding: 5px 10px;text-align: left;    }\n\n    #post-grid-3020 .element_0:hover{}#post-grid-3020 .element_1573854441620:hover{}#post-grid-3020 .element_2:hover{}  <\/style>\n  <style type=\"text\/css\">\n    #post-grid-3020 {\n      padding: 10px;\n          }\n\n    #post-grid-3020 .item {\n      padding: 0px;\n      background: #fff;\n          }\n\n    #post-grid-3020 .item .layer-media {\n      height:auto;    }\n\n    @media only screen and (min-width: 0px) and (max-width: 767px) {\n      #post-grid-3020 .grid-items {\n        text-align: center;\n              }\n\n      #post-grid-3020 .item {\n        width: 90%;\n        margin: 10px;\n        display: inline-block;\n        vertical-align: top;\n        max-height:280px;      }\n    }\n\n    @media only screen and (min-width: 768px) and (max-width: 1023px) {\n      #post-grid-3020 .grid-items {\n        text-align: center;\n              }\n\n      #post-grid-3020 .item {\n        width: 280px;\n        margin: 10px;\n        display: inline-block;\n        vertical-align: top;\n        max-height:280px;      }\n    }\n\n    @media only screen and (min-width: 1024px) {\n      #post-grid-3020 .grid-items {\n        text-align: center;\n              }\n\n      #post-grid-3020 .item {\n        width: 280px;\n        display: inline-block;\n        margin: 10px;\n        vertical-align: top;\n        max-height:280px;      }\n    }\n\n      <\/style>\n  <\/div>\n<\/p>\n<p><a style=\"float: right; font-family: Inconsolata;\" href=\"\/toutes-les-oeuvres-3d\/\">All 3D artworks<\/a><br><\/p>      <div id=\"post-grid-lazy-5037\" class=\"post-grid-lazy\"><img decoding=\"async\" alt=\"\" src=\"\" \/><\/div>\n    <script>\n      jQuery('#post-grid-lazy-5037').ready(function($) {\n        $('#post-grid-lazy-5037').fadeOut();\n        $('#post-grid-5037   ').fadeIn();\n      })\n    <\/script>\n    <style type=\"text\/css\">\n      #post-grid-5037 {\n        display: none;\n      }\n\n      .post-grid-lazy {\n        text-align: center;\n      }\n    <\/style>\n    <div data-options='{&quot;id&quot;:&quot;5037&quot;,&quot;lazy_load&quot;:&quot;yes&quot;,&quot;masonry_enable&quot;:&quot;no&quot;,&quot;view_type&quot;:&quot;grid&quot;}' id=\"post-grid-5037\" class=\"post-grid grid\">\n    \n\n\n    <div class=\"grid-items\">\n      <div class=\"item item-5020 skin flat even 0 \">\n        <div class=\"layer-wrapper layout-5042\">\n          <div class=\"element element_1707324339198  thumb_link \">\r\n                    <a target=\"_self\" href=\"https:\/\/ericbossard.com\/gb\/oeuvres-3d\/lucie-baud-3d-2026\/\"><img decoding=\"async\"\r\n                    alt=\"\" src=\"https:\/\/ericbossard.com\/wp-content\/uploads\/2026\/02\/2026-Lucie-Baud-3D-61x61x9-aiguilles-a-tricoter-600x610.jpg\"><\/a>\r\n            <\/div>\r\n    <\/div>\n  <\/div><div class=\"item item-4962 skin flat odd 1 \">\n        <div class=\"layer-wrapper layout-5042\">\n          <div class=\"element element_1707324339198  thumb_link \">\r\n                    <a target=\"_self\" href=\"https:\/\/ericbossard.com\/gb\/oeuvres-3d\/margarethe-faas-heidegger\/\"><img decoding=\"async\"\r\n                    alt=\"\" src=\"https:\/\/ericbossard.com\/wp-content\/uploads\/2021\/10\/2026-Margarethe-Faas-Hardegger-3D-61x61x9cm-aiguilles-a-tricoter-595x610.jpg\"><\/a>\r\n            <\/div>\r\n    <\/div>\n  <\/div><div class=\"item item-4955 skin flat even 2 \">\n        <div class=\"layer-wrapper layout-5042\">\n          <div class=\"element element_1707324339198  thumb_link \">\r\n                    <a target=\"_self\" href=\"https:\/\/ericbossard.com\/gb\/oeuvres-3d\/lucie-coutaz-51x51x7-cm\/\"><img decoding=\"async\"\r\n                    alt=\"\" src=\"https:\/\/ericbossard.com\/wp-content\/uploads\/2021\/10\/2026-Lucie-Coutaz-3D-51x51x7cm-crayons-600x590.jpg\"><\/a>\r\n            <\/div>\r\n    <\/div>\n  <\/div>    <\/div>\n      <style type=\"text\/css\">\r\n        .layout-5042 .element_1707324339198 {\r\n            overflow: hidden;\r\n                    }\r\n\r\n        .layout-5042 .element_1707324339198 img {\r\n            max-width: 100%;\r\n            height: auto;\r\n        }\r\n\r\n        @media only screen and (min-width: 1024px) {\r\n            .layout-5042 .element_1707324339198 {\r\n                            }\r\n        }\r\n\r\n        @media only screen and (min-width: 768px) and (max-width: 1023px) {\r\n            .layout-5042 .element_1707324339198 {\r\n                            }\r\n        }\r\n\r\n        @media only screen and (min-width: 0px) and (max-width: 767px) {\r\n            .layout-5042 .element_1707324339198 {\r\n                            }\r\n        }\r\n    <\/style>\r\n      <script>\n          <\/script>\n    <style type=\"text\/css\">\n    #post-grid-5037 {\n      padding: 10px;\n          }\n\n    #post-grid-5037 .item {\n      padding: 0px;\n      background: #fff;\n          }\n\n    #post-grid-5037 .item .layer-media {\n      height:auto;    }\n\n    @media only screen and (min-width: 0px) and (max-width: 767px) {\n      #post-grid-5037 .grid-items {\n        text-align: center;\n              }\n\n      #post-grid-5037 .item {\n        width: 90%;\n        margin: 10px;\n        display: inline-block;\n        vertical-align: top;\n        max-height:280px;      }\n    }\n\n    @media only screen and (min-width: 768px) and (max-width: 1023px) {\n      #post-grid-5037 .grid-items {\n        text-align: center;\n              }\n\n      #post-grid-5037 .item {\n        width: 280px;\n        margin: 10px;\n        display: inline-block;\n        vertical-align: top;\n        max-height:280px;      }\n    }\n\n    @media only screen and (min-width: 1024px) {\n      #post-grid-5037 .grid-items {\n        text-align: center;\n              }\n\n      #post-grid-5037 .item {\n        width: 280px;\n        display: inline-block;\n        margin: 10px;\n        vertical-align: top;\n        max-height:280px;      }\n    }\n\n      <\/style>\n  <\/div>\n\n\n\n<p><\/p>\n\n\n\n<p><\/p>\n","protected":false},"excerpt":{"rendered":"<p>All pictures All embedments All 3D artworks<\/p>\n","protected":false},"author":1,"featured_media":0,"parent":0,"menu_order":0,"comment_status":"closed","ping_status":"closed","template":"","meta":{"_themeisle_gutenberg_block_has_review":false,"footnotes":""},"class_list":["post-457","page","type-page","status-publish","hentry"],"translation":{"provider":"WPGlobus","version":"3.0.2","language":"gb","enabled_languages":["fr","gb"],"languages":{"fr":{"title":true,"content":true,"excerpt":false},"gb":{"title":true,"content":true,"excerpt":false}}},"_links":{"self":[{"href":"https:\/\/ericbossard.com\/gb\/wp-json\/wp\/v2\/pages\/457","targetHints":{"allow":["GET"]}}],"collection":[{"href":"https:\/\/ericbossard.com\/gb\/wp-json\/wp\/v2\/pages"}],"about":[{"href":"https:\/\/ericbossard.com\/gb\/wp-json\/wp\/v2\/types\/page"}],"author":[{"embeddable":true,"href":"https:\/\/ericbossard.com\/gb\/wp-json\/wp\/v2\/users\/1"}],"replies":[{"embeddable":true,"href":"https:\/\/ericbossard.com\/gb\/wp-json\/wp\/v2\/comments?post=457"}],"version-history":[{"count":121,"href":"https:\/\/ericbossard.com\/gb\/wp-json\/wp\/v2\/pages\/457\/revisions"}],"predecessor-version":[{"id":5039,"href":"https:\/\/ericbossard.com\/gb\/wp-json\/wp\/v2\/pages\/457\/revisions\/5039"}],"wp:attachment":[{"href":"https:\/\/ericbossard.com\/gb\/wp-json\/wp\/v2\/media?parent=457"}],"curies":[{"name":"wp","href":"https:\/\/api.w.org\/{rel}","templated":true}]}}