{"id":2996,"date":"2019-11-15T22:45:08","date_gmt":"2019-11-15T21:45:08","guid":{"rendered":"http:\/\/edfkcit.cluster030.hosting.ovh.net\/?page_id=2996"},"modified":"2024-01-17T18:51:45","modified_gmt":"2024-01-17T17:51:45","slug":"all-collages-eb","status":"publish","type":"page","link":"https:\/\/ericbossard.com\/gb\/all-collages-eb\/","title":{"rendered":"All collages"},"content":{"rendered":"\n      <div id=\"post-grid-lazy-2992\" class=\"post-grid-lazy\"><img decoding=\"async\" alt=\"\" src=\"\" \/><\/div>\n    <script>\n      jQuery('#post-grid-lazy-2992').ready(function($) {\n        $('#post-grid-lazy-2992').fadeOut();\n        $('#post-grid-2992   ').fadeIn();\n      })\n    <\/script>\n    <style type=\"text\/css\">\n      #post-grid-2992 {\n        display: none;\n      }\n\n      .post-grid-lazy {\n        text-align: center;\n      }\n    <\/style>\n    <div data-options='{&quot;id&quot;:&quot;2992&quot;,&quot;lazy_load&quot;:&quot;yes&quot;,&quot;masonry_enable&quot;:&quot;no&quot;,&quot;view_type&quot;:&quot;grid&quot;}' id=\"post-grid-2992\" class=\"post-grid grid\">\n    \n\n\n    <div class=\"grid-items\">\n      <div class=\"item item-4281 skin flip-x even 0 \">\n        <div class=\"layer-wrapper layout-\">\n        <div class=\"layer-media\"><a href=\"https:\/\/ericbossard.com\/gb\/embedments\/100-elles-3-et-4-sur-4-2024\/\"><img decoding=\"async\" alt=\"\" src=\"https:\/\/ericbossard.com\/wp-content\/uploads\/2021\/10\/2024-100-Elles-III-70x70cm-\u263b-A-LATELIER-EN-2024-600x601.jpg\" \/><\/a><\/div>\n  <div class=\"layer-content\">\n        <div class=\"element element_0  title_link \">\r\n                    <a target=\"_blank\"\r\n                href=\"https:\/\/ericbossard.com\/gb\/embedments\/100-elles-3-et-4-sur-4-2024\/\">100 Elles (3 et 4 sur 4 &#8211; 2024)<\/a>\r\n            <\/div>\r\n    <div class=\"element element_1573854441620  excerpt \">\r\n        100 Elles 3 &amp; 4 sur 4 | 70x70cm | 2024 [i] Le projet 100Elles* investit les rues de Gen\u00e8ve            <\/div>\r\n    <div class=\"element element_2  thumb_link \">\r\n                    <a target=\"\" href=\"https:\/\/ericbossard.com\/gb\/embedments\/100-elles-3-et-4-sur-4-2024\/\"><img decoding=\"async\"\r\n                    alt=\"\" src=\"https:\/\/ericbossard.com\/wp-content\/uploads\/2021\/10\/2024-100-Elles-III-70x70cm-\u263b-A-LATELIER-EN-2024-600x601.jpg\"><\/a>\r\n            <\/div>\r\n  <\/div>\n    <\/div>\n  <\/div><div class=\"item item-4272 skin flip-x odd 1 \">\n        <div class=\"layer-wrapper layout-\">\n        <div class=\"layer-media\"><a href=\"https:\/\/ericbossard.com\/gb\/embedments\/100-elles-2024\/\"><img decoding=\"async\" alt=\"\" src=\"https:\/\/ericbossard.com\/wp-content\/uploads\/2021\/10\/2024-100-Elles-I-70x70cm-\u263b-A-LATELIER-EN-2024-600x603.jpg\" \/><\/a><\/div>\n  <div class=\"layer-content\">\n        <div class=\"element element_0  title_link \">\r\n                    <a target=\"_blank\"\r\n                href=\"https:\/\/ericbossard.com\/gb\/embedments\/100-elles-2024\/\">100 Elles (1 et 2 sur 4) (2024)<\/a>\r\n            <\/div>\r\n    <div class=\"element element_1573854441620  excerpt \">\r\n        \u00a0 100 Elles 1 &amp; 2 sur 4 | 70x70cm | 2024 [i] \u00a0 Le projet 100Elles* investit les rues            <\/div>\r\n    <div class=\"element element_2  thumb_link \">\r\n                    <a target=\"\" href=\"https:\/\/ericbossard.com\/gb\/embedments\/100-elles-2024\/\"><img decoding=\"async\"\r\n                    alt=\"\" src=\"https:\/\/ericbossard.com\/wp-content\/uploads\/2021\/10\/2024-100-Elles-I-70x70cm-\u263b-A-LATELIER-EN-2024-600x603.jpg\"><\/a>\r\n            <\/div>\r\n  <\/div>\n    <\/div>\n  <\/div><div class=\"item item-4245 skin flip-x even 2 \">\n        <div class=\"layer-wrapper layout-\">\n        <div class=\"layer-media\"><a href=\"https:\/\/ericbossard.com\/gb\/embedments\/banco-palmas-2024\/\"><img decoding=\"async\" alt=\"\" src=\"https:\/\/ericbossard.com\/wp-content\/uploads\/2021\/10\/2024-Banco-palmas-60x60cm-600x601.jpg\" \/><\/a><\/div>\n  <div class=\"layer-content\">\n        <div class=\"element element_0  title_link \">\r\n                    <a target=\"_blank\"\r\n                href=\"https:\/\/ericbossard.com\/gb\/embedments\/banco-palmas-2024\/\">Banco Palmas (2024)<\/a>\r\n            <\/div>\r\n    <div class=\"element element_1573854441620  excerpt \">\r\n        Banco Palmas | 60x60cm | 2024 [i] BANCO PALMAS BANCO PALMAS BRASIL, une banque communautaire prosp\u00e8re. Cr\u00e9\u00e9e en 1998 dans            <\/div>\r\n    <div class=\"element element_2  thumb_link \">\r\n                    <a target=\"\" href=\"https:\/\/ericbossard.com\/gb\/embedments\/banco-palmas-2024\/\"><img decoding=\"async\"\r\n                    alt=\"\" src=\"https:\/\/ericbossard.com\/wp-content\/uploads\/2021\/10\/2024-Banco-palmas-60x60cm-600x601.jpg\"><\/a>\r\n            <\/div>\r\n  <\/div>\n    <\/div>\n  <\/div><div class=\"item item-3342 skin flip-x odd 3 \">\n        <div class=\"layer-wrapper layout-\">\n        <div class=\"layer-media\"><a href=\"https:\/\/ericbossard.com\/gb\/embedments\/noircir-le-papier-2022\/\"><img decoding=\"async\" alt=\"\" src=\"https:\/\/ericbossard.com\/wp-content\/uploads\/2021\/10\/2022-Noircir-le-papier-600x607.jpg\" \/><\/a><\/div>\n  <div class=\"layer-content\">\n        <div class=\"element element_0  title_link \">\r\n                    <a target=\"_blank\"\r\n                href=\"https:\/\/ericbossard.com\/gb\/embedments\/noircir-le-papier-2022\/\">Noircir le papier (2022)<\/a>\r\n            <\/div>\r\n    <div class=\"element element_1573854441620  excerpt \">\r\n        Noircir le papier | 70x70cm | 2022\u00a0 [i] NOIRCIR LE PAPIER... Collage d'afficher d'\u00e9critures d\u00e9chir\u00e9es en bandelettes avec ajout d'une            <\/div>\r\n    <div class=\"element element_2  thumb_link \">\r\n                    <a target=\"\" href=\"https:\/\/ericbossard.com\/gb\/embedments\/noircir-le-papier-2022\/\"><img decoding=\"async\"\r\n                    alt=\"\" src=\"https:\/\/ericbossard.com\/wp-content\/uploads\/2021\/10\/2022-Noircir-le-papier-600x607.jpg\"><\/a>\r\n            <\/div>\r\n  <\/div>\n    <\/div>\n  <\/div><div class=\"item item-3343 skin flip-x even 4 \">\n        <div class=\"layer-wrapper layout-\">\n        <div class=\"layer-media\"><a href=\"https:\/\/ericbossard.com\/gb\/embedments\/3343\/\"><img decoding=\"async\" alt=\"\" src=\"https:\/\/ericbossard.com\/wp-content\/uploads\/2021\/10\/2022-Ecriture-peinture-600x604.jpg\" \/><\/a><\/div>\n  <div class=\"layer-content\">\n        <div class=\"element element_0  title_link \">\r\n                    <a target=\"_blank\"\r\n                href=\"https:\/\/ericbossard.com\/gb\/embedments\/3343\/\">Ecriture peinture (2022)<\/a>\r\n            <\/div>\r\n    <div class=\"element element_1573854441620  excerpt \">\r\n        Ecriture peinture | 70x70cm | 2022\u00a0 [i] NOIRCIR LE PAPIER... Collage d'afficher d'\u00e9critures d\u00e9chir\u00e9es en bandelettes avec ajout d'une citation,            <\/div>\r\n    <div class=\"element element_2  thumb_link \">\r\n                    <a target=\"\" href=\"https:\/\/ericbossard.com\/gb\/embedments\/3343\/\"><img decoding=\"async\"\r\n                    alt=\"\" src=\"https:\/\/ericbossard.com\/wp-content\/uploads\/2021\/10\/2022-Ecriture-peinture-600x604.jpg\"><\/a>\r\n            <\/div>\r\n  <\/div>\n    <\/div>\n  <\/div><div class=\"item item-3335 skin flip-x odd 5 \">\n        <div class=\"layer-wrapper layout-\">\n        <div class=\"layer-media\"><a href=\"https:\/\/ericbossard.com\/gb\/embedments\/noms-de-rues-de-geneve-ii-2022\/\"><img decoding=\"async\" alt=\"\" src=\"https:\/\/ericbossard.com\/wp-content\/uploads\/2021\/10\/2022-Nom-de-rue-de-Gen\u00e8ve-2-600x598.jpg\" \/><\/a><\/div>\n  <div class=\"layer-content\">\n        <div class=\"element element_0  title_link \">\r\n                    <a target=\"_blank\"\r\n                href=\"https:\/\/ericbossard.com\/gb\/embedments\/noms-de-rues-de-geneve-ii-2022\/\">Noms de Rues de Gen\u00e8ve II (2022)<\/a>\r\n            <\/div>\r\n    <div class=\"element element_1573854441620  excerpt \">\r\n        Noms de rues de Gen\u00e8ve II | 60x60cm | 2022\u00a0 [i] NOMS DE RUES DE GENEVESur ce collage ne figurent            <\/div>\r\n    <div class=\"element element_2  thumb_link \">\r\n                    <a target=\"\" href=\"https:\/\/ericbossard.com\/gb\/embedments\/noms-de-rues-de-geneve-ii-2022\/\"><img decoding=\"async\"\r\n                    alt=\"\" src=\"https:\/\/ericbossard.com\/wp-content\/uploads\/2021\/10\/2022-Nom-de-rue-de-Gen\u00e8ve-2-600x598.jpg\"><\/a>\r\n            <\/div>\r\n  <\/div>\n    <\/div>\n  <\/div><div class=\"item item-3325 skin flip-x even 6 \">\n        <div class=\"layer-wrapper layout-\">\n        <div class=\"layer-media\"><a href=\"https:\/\/ericbossard.com\/gb\/embedments\/3325\/\"><img decoding=\"async\" alt=\"\" src=\"https:\/\/ericbossard.com\/wp-content\/uploads\/2021\/10\/2022-Nom-de-rue-de-Gen\u00e8ve-1-600x599.jpg\" \/><\/a><\/div>\n  <div class=\"layer-content\">\n        <div class=\"element element_0  title_link \">\r\n                    <a target=\"_blank\"\r\n                href=\"https:\/\/ericbossard.com\/gb\/embedments\/3325\/\">Noms de rues de Gen\u00e8ve I (2022)<\/a>\r\n            <\/div>\r\n    <div class=\"element element_1573854441620  excerpt \">\r\n        Noms de rues de Gen\u00e8ve I | 60x60cm | 2022\u00a0 [i] NOMS DE RUES DE GENEVESur ce collage ne figurent            <\/div>\r\n    <div class=\"element element_2  thumb_link \">\r\n                    <a target=\"\" href=\"https:\/\/ericbossard.com\/gb\/embedments\/3325\/\"><img decoding=\"async\"\r\n                    alt=\"\" src=\"https:\/\/ericbossard.com\/wp-content\/uploads\/2021\/10\/2022-Nom-de-rue-de-Gen\u00e8ve-1-600x599.jpg\"><\/a>\r\n            <\/div>\r\n  <\/div>\n    <\/div>\n  <\/div><div class=\"item item-3226 skin flip-x odd 7 \">\n        <div class=\"layer-wrapper layout-\">\n        <div class=\"layer-media\"><a href=\"https:\/\/ericbossard.com\/gb\/embedments\/2021-delit-de-solidarite-i-et-ii-605-x-1005\/\"><img decoding=\"async\" alt=\"\" src=\"https:\/\/ericbossard.com\/wp-content\/uploads\/2018\/01\/2021.06-D\u00e9lit-de-solidarit\u00e9-2x-605x1005cm-3-371x610.jpg\" \/><\/a><\/div>\n  <div class=\"layer-content\">\n        <div class=\"element element_0  title_link \">\r\n                    <a target=\"_blank\"\r\n                href=\"https:\/\/ericbossard.com\/gb\/embedments\/2021-delit-de-solidarite-i-et-ii-605-x-1005\/\">D\u00e9lit de solidarit\u00e9 I et II &#8211; 2021<\/a>\r\n            <\/div>\r\n    <div class=\"element element_1573854441620  excerpt \">\r\n        D\u00e9lit de solidarit\u00e9 I et II | 2 x 60,5x100,5cm | 2021 [i] D\u00c9LIT DE SOLIDARIT\u00c9 Institu\u00e9 initialement pour lutter            <\/div>\r\n    <div class=\"element element_2  thumb_link \">\r\n                    <a target=\"\" href=\"https:\/\/ericbossard.com\/gb\/embedments\/2021-delit-de-solidarite-i-et-ii-605-x-1005\/\"><img decoding=\"async\"\r\n                    alt=\"\" src=\"https:\/\/ericbossard.com\/wp-content\/uploads\/2018\/01\/2021.06-D\u00e9lit-de-solidarit\u00e9-2x-605x1005cm-3-371x610.jpg\"><\/a>\r\n            <\/div>\r\n  <\/div>\n    <\/div>\n  <\/div><div class=\"item item-562 skin flip-x even 8 \">\n        <div class=\"layer-wrapper layout-\">\n        <div class=\"layer-media\"><a href=\"https:\/\/ericbossard.com\/gb\/embedments\/public-eye-2017\/\"><img decoding=\"async\" alt=\"\" src=\"https:\/\/ericbossard.com\/wp-content\/uploads\/2017\/12\/2017-Public-Eye-100x100cm-1-1024x1022.jpg\" \/><\/a><\/div>\n  <div class=\"layer-content\">\n        <div class=\"element element_0  title_link \">\r\n                    <a target=\"_blank\"\r\n                href=\"https:\/\/ericbossard.com\/gb\/embedments\/public-eye-2017\/\">Public Eye (2017)<\/a>\r\n            <\/div>\r\n    <div class=\"element element_1573854441620  excerpt \">\r\n        Public Eye | 100x100cm | 2017\u00a0 [i] PUBLIC EYE PUBLIC EYE, anciennement la DECLARATION DE BERNE, est une association politiquement            <\/div>\r\n    <div class=\"element element_2  thumb_link \">\r\n                    <a target=\"\" href=\"https:\/\/ericbossard.com\/gb\/embedments\/public-eye-2017\/\"><img decoding=\"async\"\r\n                    alt=\"\" src=\"https:\/\/ericbossard.com\/wp-content\/uploads\/2017\/12\/2017-Public-Eye-100x100cm-1-1024x1022.jpg\"><\/a>\r\n            <\/div>\r\n  <\/div>\n    <\/div>\n  <\/div><div class=\"item item-1390 skin flip-x odd 9 \">\n        <div class=\"layer-wrapper layout-\">\n        <div class=\"layer-media\"><a href=\"https:\/\/ericbossard.com\/gb\/embedments\/2017-slow-parenting-60x60cm\/\"><img decoding=\"async\" alt=\"collage, flyers, billboard, affiche, d\u00e9chir\u00e9e, surcyclage, upcycling\" src=\"https:\/\/ericbossard.com\/wp-content\/uploads\/2017\/12\/2017-Slow-parenting-60x60cm-1-600x610.jpg\" \/><\/a><\/div>\n  <div class=\"layer-content\">\n        <div class=\"element element_0  title_link \">\r\n                    <a target=\"_blank\"\r\n                href=\"https:\/\/ericbossard.com\/gb\/embedments\/2017-slow-parenting-60x60cm\/\">Slow parenting (2017)<\/a>\r\n            <\/div>\r\n    <div class=\"element element_1573854441620  excerpt \">\r\n        Slow parenting | 60x60cm | 2017\u00a0 [i] SLOW PARENTING Du Slow Movement, mouvement \u00ab doux \u00bb (dont sont issus les            <\/div>\r\n    <div class=\"element element_2  thumb_link \">\r\n                    <a target=\"\" href=\"https:\/\/ericbossard.com\/gb\/embedments\/2017-slow-parenting-60x60cm\/\"><img decoding=\"async\"\r\n                    alt=\"collage, flyers, billboard, affiche, d\u00e9chir\u00e9e, surcyclage, upcycling\" src=\"https:\/\/ericbossard.com\/wp-content\/uploads\/2017\/12\/2017-Slow-parenting-60x60cm-1-600x610.jpg\"><\/a>\r\n            <\/div>\r\n  <\/div>\n    <\/div>\n  <\/div><div class=\"item item-1373 skin flip-x even 10 \">\n        <div class=\"layer-wrapper layout-\">\n        <div class=\"layer-media\"><a href=\"https:\/\/ericbossard.com\/gb\/embedments\/2017-antisysteme-90x90cm\/\"><img decoding=\"async\" alt=\"collage, flyers, billboard, affiche, d\u00e9chir\u00e9e, surcyclage, upcycling\" src=\"https:\/\/ericbossard.com\/wp-content\/uploads\/2017\/12\/2017-Antisyst\u00e8me-90x90cm-600x579.jpg\" \/><\/a><\/div>\n  <div class=\"layer-content\">\n        <div class=\"element element_0  title_link \">\r\n                    <a target=\"_blank\"\r\n                href=\"https:\/\/ericbossard.com\/gb\/embedments\/2017-antisysteme-90x90cm\/\">Antisyst\u00e8me (2017)<\/a>\r\n            <\/div>\r\n    <div class=\"element element_1573854441620  excerpt \">\r\n        Antisyst\u00e8me | 90x90cm | 2017\u00a0 [i] ANTISYSTEME ANTISYSTEME est un adjectif qualifiant des personnes, des groupes ou des partis politiques            <\/div>\r\n    <div class=\"element element_2  thumb_link \">\r\n                    <a target=\"\" href=\"https:\/\/ericbossard.com\/gb\/embedments\/2017-antisysteme-90x90cm\/\"><img decoding=\"async\"\r\n                    alt=\"collage, flyers, billboard, affiche, d\u00e9chir\u00e9e, surcyclage, upcycling\" src=\"https:\/\/ericbossard.com\/wp-content\/uploads\/2017\/12\/2017-Antisyst\u00e8me-90x90cm-600x579.jpg\"><\/a>\r\n            <\/div>\r\n  <\/div>\n    <\/div>\n  <\/div><div class=\"item item-1086 skin flip-x odd 11 \">\n        <div class=\"layer-wrapper layout-\">\n        <div class=\"layer-media\"><a href=\"https:\/\/ericbossard.com\/gb\/embedments\/2017-marie-goegg-pouchoulin-80x80cm\/\"><img decoding=\"async\" alt=\"collage, flyers, billboard, affiche, d\u00e9chir\u00e9e, surcyclage, upcycling\" src=\"https:\/\/ericbossard.com\/wp-content\/uploads\/2017\/12\/2017-Marie-Goegg-Pouchoulin-80x80cm-600x603.jpg\" \/><\/a><\/div>\n  <div class=\"layer-content\">\n        <div class=\"element element_0  title_link \">\r\n                    <a target=\"_blank\"\r\n                href=\"https:\/\/ericbossard.com\/gb\/embedments\/2017-marie-goegg-pouchoulin-80x80cm\/\">Marie Goegg-Pouchoulin (2017)<\/a>\r\n            <\/div>\r\n    <div class=\"element element_1573854441620  excerpt \">\r\n        Marie Goegg-Pouchoulin | 80x80cm | 2017\u00a0 [i] MARIE GOEGG-POUCHOULIN Marie Goegg-Pouchoulin est une militante f\u00e9ministe et abolitionniste, reconnue pour son            <\/div>\r\n    <div class=\"element element_2  thumb_link \">\r\n                    <a target=\"\" href=\"https:\/\/ericbossard.com\/gb\/embedments\/2017-marie-goegg-pouchoulin-80x80cm\/\"><img decoding=\"async\"\r\n                    alt=\"collage, flyers, billboard, affiche, d\u00e9chir\u00e9e, surcyclage, upcycling\" src=\"https:\/\/ericbossard.com\/wp-content\/uploads\/2017\/12\/2017-Marie-Goegg-Pouchoulin-80x80cm-600x603.jpg\"><\/a>\r\n            <\/div>\r\n  <\/div>\n    <\/div>\n  <\/div>    <\/div>\n    <div class=\"pagination\">\n      <div class=\"paginate\">\n    <span aria-current=\"page\" class=\"page-numbers current\">1<\/span>\n<a class=\"page-numbers\" href=\"https:\/\/ericbossard.com\/gb\/wp-json\/wp\/v2\/pages\/2996\/page\/2\/\">2<\/a>\n<a class=\"page-numbers\" href=\"https:\/\/ericbossard.com\/gb\/wp-json\/wp\/v2\/pages\/2996\/page\/3\/\">3<\/a>\n<span class=\"page-numbers dots\">&hellip;<\/span>\n<a class=\"page-numbers\" href=\"https:\/\/ericbossard.com\/gb\/wp-json\/wp\/v2\/pages\/2996\/page\/8\/\">8<\/a>\n<a class=\"next page-numbers\" href=\"https:\/\/ericbossard.com\/gb\/wp-json\/wp\/v2\/pages\/2996\/page\/2\/\">Next \u00bb<\/a>  <\/div>\n  <style type=\"text\/css\">\n    #post-grid-2992 .pagination .page-numbers {\n      font-size: 16px;\n      color: #fff;\n      background: #646464;\n    }\n\n    #post-grid-2992 .pagination .page-numbers:hover,\n    #post-grid-2992 .pagination .page-numbers.current {\n      background: #4b4b4b;\n    }\n  <\/style>\n  <\/div>\n      <script>\n          <\/script>\n    <style type=\"text\/css\">\n    #post-grid-2992 .element_0 {\n      display: block;font-size: 21px;line-height: normal;padding: 5px 10px;text-align: left;    }\n\n    #post-grid-2992 .element_1573854441620 {\n      display: block;font-size: 13px;line-height: normal;padding: 5px 10px;text-align: left;    }\n\n    #post-grid-2992 .element_2 {\n      display: block;font-size: 13px;line-height: normal;padding: 5px 10px;text-align: left;    }\n\n    #post-grid-2992 .element_0:hover{}#post-grid-2992 .element_1573854441620:hover{}#post-grid-2992 .element_2:hover{}  <\/style>\n  <style type=\"text\/css\">\n    #post-grid-2992 {\n      padding: 10px;\n          }\n\n    #post-grid-2992 .item {\n      padding: 0px;\n      background: #fff;\n          }\n\n    #post-grid-2992 .item .layer-media {\n      height:auto;    }\n\n    @media only screen and (min-width: 0px) and (max-width: 767px) {\n      #post-grid-2992 .grid-items {\n        text-align: center;\n              }\n\n      #post-grid-2992 .item {\n        width: 90%;\n        margin: 10px;\n        display: inline-block;\n        vertical-align: top;\n        max-height:280px;      }\n    }\n\n    @media only screen and (min-width: 768px) and (max-width: 1023px) {\n      #post-grid-2992 .grid-items {\n        text-align: center;\n              }\n\n      #post-grid-2992 .item {\n        width: 280px;\n        margin: 10px;\n        display: inline-block;\n        vertical-align: top;\n        max-height:280px;      }\n    }\n\n    @media only screen and (min-width: 1024px) {\n      #post-grid-2992 .grid-items {\n        text-align: center;\n              }\n\n      #post-grid-2992 .item {\n        width: 280px;\n        display: inline-block;\n        margin: 10px;\n        vertical-align: top;\n        max-height:280px;      }\n    }\n\n      <\/style>\n  <\/div>\n\n","protected":false},"excerpt":{"rendered":"","protected":false},"author":1,"featured_media":0,"parent":0,"menu_order":0,"comment_status":"closed","ping_status":"closed","template":"","meta":{"_themeisle_gutenberg_block_has_review":false,"footnotes":""},"class_list":["post-2996","page","type-page","status-publish","hentry"],"translation":{"provider":"WPGlobus","version":"3.0.2","language":"gb","enabled_languages":["fr","gb"],"languages":{"fr":{"title":true,"content":true,"excerpt":false},"gb":{"title":true,"content":false,"excerpt":false}}},"_links":{"self":[{"href":"https:\/\/ericbossard.com\/gb\/wp-json\/wp\/v2\/pages\/2996","targetHints":{"allow":["GET"]}}],"collection":[{"href":"https:\/\/ericbossard.com\/gb\/wp-json\/wp\/v2\/pages"}],"about":[{"href":"https:\/\/ericbossard.com\/gb\/wp-json\/wp\/v2\/types\/page"}],"author":[{"embeddable":true,"href":"https:\/\/ericbossard.com\/gb\/wp-json\/wp\/v2\/users\/1"}],"replies":[{"embeddable":true,"href":"https:\/\/ericbossard.com\/gb\/wp-json\/wp\/v2\/comments?post=2996"}],"version-history":[{"count":9,"href":"https:\/\/ericbossard.com\/gb\/wp-json\/wp\/v2\/pages\/2996\/revisions"}],"predecessor-version":[{"id":3846,"href":"https:\/\/ericbossard.com\/gb\/wp-json\/wp\/v2\/pages\/2996\/revisions\/3846"}],"wp:attachment":[{"href":"https:\/\/ericbossard.com\/gb\/wp-json\/wp\/v2\/media?parent=2996"}],"curies":[{"name":"wp","href":"https:\/\/api.w.org\/{rel}","templated":true}]}}